{"id":3372,"date":"2021-01-29T13:44:07","date_gmt":"2021-01-29T12:44:07","guid":{"rendered":"https:\/\/www.catherinelacoste.com\/?page_id=3372"},"modified":"2021-03-19T11:24:08","modified_gmt":"2021-03-19T10:24:08","slug":"championnats-deurope-par-equipe","status":"publish","type":"page","link":"https:\/\/www.catherinelacoste.com\/es\/championnats-deurope-par-equipe\/","title":{"rendered":"Campeonatos de europa por equipos"},"content":{"rendered":"<div data-elementor-type=\"wp-page\" data-elementor-id=\"3372\" class=\"elementor elementor-3372\" data-elementor-post-type=\"page\">\n\t\t\t\t\t\t<section class=\"elementor-section elementor-top-section elementor-element elementor-element-09730fc elementor-section-boxed elementor-section-height-default elementor-section-height-default\" data-id=\"09730fc\" data-element_type=\"section\">\n\t\t\t\t\t\t<div class=\"elementor-container elementor-column-gap-default\">\n\t\t\t\t\t<div class=\"elementor-column elementor-col-100 elementor-top-column elementor-element elementor-element-d75103e\" data-id=\"d75103e\" data-element_type=\"column\">\n\t\t\t<div class=\"elementor-widget-wrap elementor-element-populated\">\n\t\t\t\t\t\t<div class=\"elementor-element elementor-element-b7279cd elementor-widget elementor-widget-spacer\" data-id=\"b7279cd\" data-element_type=\"widget\" data-widget_type=\"spacer.default\">\n\t\t\t\t<div class=\"elementor-widget-container\">\n\t\t\t\t\t\t\t<div class=\"elementor-spacer\">\n\t\t\t<div class=\"elementor-spacer-inner\"><\/div>\n\t\t<\/div>\n\t\t\t\t\t\t<\/div>\n\t\t\t\t<\/div>\n\t\t\t\t\t<\/div>\n\t\t<\/div>\n\t\t\t\t\t<\/div>\n\t\t<\/section>\n\t\t\t\t<section class=\"elementor-section elementor-top-section elementor-element elementor-element-69b1ef4 elementor-section-boxed elementor-section-height-default elementor-section-height-default\" data-id=\"69b1ef4\" data-element_type=\"section\">\n\t\t\t\t\t\t<div class=\"elementor-container elementor-column-gap-default\">\n\t\t\t\t\t<div class=\"elementor-column elementor-col-100 elementor-top-column elementor-element elementor-element-e116a1b\" data-id=\"e116a1b\" data-element_type=\"column\">\n\t\t\t<div class=\"elementor-widget-wrap elementor-element-populated\">\n\t\t\t\t\t\t<div class=\"elementor-element elementor-element-29799b2 elementor-widget elementor-widget-heading\" data-id=\"29799b2\" data-element_type=\"widget\" data-widget_type=\"heading.default\">\n\t\t\t\t<div class=\"elementor-widget-container\">\n\t\t\t\t\t<h4 class=\"elementor-heading-title elementor-size-default\">Probablemente una de las primeras fotos con el equipo femenino franc\u00e9s.\n\u00a1Qu\u00e9 orgullo!<\/h4>\t\t\t\t<\/div>\n\t\t\t\t<\/div>\n\t\t\t\t<div class=\"elementor-element elementor-element-b7dbcc7 elementor-widget elementor-widget-image\" data-id=\"b7dbcc7\" data-element_type=\"widget\" data-widget_type=\"image.default\">\n\t\t\t\t<div class=\"elementor-widget-container\">\n\t\t\t\t\t\t\t\t\t\t\t\t\t\t\t<img fetchpriority=\"high\" decoding=\"async\" width=\"1024\" height=\"715\" src=\"https:\/\/www.catherinelacoste.com\/wp-content\/uploads\/2021\/03\/EQUIPE-FRANCE--1024x715.jpg\" class=\"attachment-large size-large wp-image-6674\" alt=\"\" srcset=\"https:\/\/www.catherinelacoste.com\/wp-content\/uploads\/2021\/03\/EQUIPE-FRANCE--1024x715.jpg 1024w, https:\/\/www.catherinelacoste.com\/wp-content\/uploads\/2021\/03\/EQUIPE-FRANCE--300x210.jpg 300w, https:\/\/www.catherinelacoste.com\/wp-content\/uploads\/2021\/03\/EQUIPE-FRANCE--768x537.jpg 768w, https:\/\/www.catherinelacoste.com\/wp-content\/uploads\/2021\/03\/EQUIPE-FRANCE--1536x1073.jpg 1536w, https:\/\/www.catherinelacoste.com\/wp-content\/uploads\/2021\/03\/EQUIPE-FRANCE--16x12.jpg 16w, https:\/\/www.catherinelacoste.com\/wp-content\/uploads\/2021\/03\/EQUIPE-FRANCE-.jpg 1998w\" sizes=\"(max-width: 1024px) 100vw, 1024px\" \/>\t\t\t\t\t\t\t\t\t\t\t\t\t\t\t<\/div>\n\t\t\t\t<\/div>\n\t\t\t\t\t<\/div>\n\t\t<\/div>\n\t\t\t\t\t<\/div>\n\t\t<\/section>\n\t\t\t\t<section class=\"elementor-section elementor-top-section elementor-element elementor-element-7de4a13 elementor-section-boxed elementor-section-height-default elementor-section-height-default\" data-id=\"7de4a13\" data-element_type=\"section\">\n\t\t\t\t\t\t<div class=\"elementor-container elementor-column-gap-default\">\n\t\t\t\t\t<div class=\"elementor-column elementor-col-100 elementor-top-column elementor-element elementor-element-0799b99\" data-id=\"0799b99\" data-element_type=\"column\">\n\t\t\t<div class=\"elementor-widget-wrap elementor-element-populated\">\n\t\t\t\t\t\t<div class=\"elementor-element elementor-element-825fabf elementor-widget elementor-widget-heading\" data-id=\"825fabf\" data-element_type=\"widget\" data-widget_type=\"heading.default\">\n\t\t\t\t<div class=\"elementor-widget-container\">\n\t\t\t\t\t<h4 class=\"elementor-heading-title elementor-size-default\">De izquierda a derecha: Catherine Lacoste, Lally de Saint Sauveur, Martine Gajan-Giraud, Brigitte Varangot. Florence Mourgue d'Algue, Odile Semelaigne-Gara\u00efalde<\/h4>\t\t\t\t<\/div>\n\t\t\t\t<\/div>\n\t\t\t\t\t<\/div>\n\t\t<\/div>\n\t\t\t\t\t<\/div>\n\t\t<\/section>\n\t\t\t\t<section class=\"elementor-section elementor-top-section elementor-element elementor-element-166b6ee elementor-section-boxed elementor-section-height-default elementor-section-height-default\" data-id=\"166b6ee\" data-element_type=\"section\">\n\t\t\t\t\t\t<div class=\"elementor-container elementor-column-gap-default\">\n\t\t\t\t\t<div class=\"elementor-column elementor-col-100 elementor-top-column elementor-element elementor-element-b738562\" data-id=\"b738562\" data-element_type=\"column\">\n\t\t\t<div class=\"elementor-widget-wrap elementor-element-populated\">\n\t\t\t\t\t\t<div class=\"elementor-element elementor-element-cf47c6d elementor-widget elementor-widget-spacer\" data-id=\"cf47c6d\" data-element_type=\"widget\" data-widget_type=\"spacer.default\">\n\t\t\t\t<div class=\"elementor-widget-container\">\n\t\t\t\t\t\t\t<div class=\"elementor-spacer\">\n\t\t\t<div class=\"elementor-spacer-inner\"><\/div>\n\t\t<\/div>\n\t\t\t\t\t\t<\/div>\n\t\t\t\t<\/div>\n\t\t\t\t\t<\/div>\n\t\t<\/div>\n\t\t\t\t\t<\/div>\n\t\t<\/section>\n\t\t\t\t<section class=\"elementor-section elementor-top-section elementor-element elementor-element-abad6d5 elementor-section-boxed elementor-section-height-default elementor-section-height-default\" data-id=\"abad6d5\" data-element_type=\"section\">\n\t\t\t\t\t\t<div class=\"elementor-container elementor-column-gap-default\">\n\t\t\t\t\t<div class=\"elementor-column elementor-col-100 elementor-top-column elementor-element elementor-element-ce245ea\" data-id=\"ce245ea\" data-element_type=\"column\">\n\t\t\t<div class=\"elementor-widget-wrap elementor-element-populated\">\n\t\t\t\t\t\t<div class=\"elementor-element elementor-element-814557c elementor-widget elementor-widget-gallery\" data-id=\"814557c\" data-element_type=\"widget\" data-settings=\"{&quot;lazyload&quot;:&quot;yes&quot;,&quot;gallery_layout&quot;:&quot;grid&quot;,&quot;columns&quot;:4,&quot;columns_tablet&quot;:2,&quot;columns_mobile&quot;:1,&quot;gap&quot;:{&quot;unit&quot;:&quot;px&quot;,&quot;size&quot;:10,&quot;sizes&quot;:[]},&quot;gap_tablet&quot;:{&quot;unit&quot;:&quot;px&quot;,&quot;size&quot;:10,&quot;sizes&quot;:[]},&quot;gap_mobile&quot;:{&quot;unit&quot;:&quot;px&quot;,&quot;size&quot;:10,&quot;sizes&quot;:[]},&quot;link_to&quot;:&quot;file&quot;,&quot;aspect_ratio&quot;:&quot;3:2&quot;,&quot;overlay_background&quot;:&quot;yes&quot;,&quot;content_hover_animation&quot;:&quot;fade-in&quot;}\" data-widget_type=\"gallery.default\">\n\t\t\t\t<div class=\"elementor-widget-container\">\n\t\t\t\t\t\t\t<div class=\"elementor-gallery__container\">\n\t\t\t\t\t\t\t<a class=\"e-gallery-item elementor-gallery-item elementor-animated-content\" href=\"https:\/\/www.catherinelacoste.com\/wp-content\/uploads\/2021\/02\/MORFONTAINE-VAGLIANO352-1.jpg\" data-elementor-open-lightbox=\"yes\" data-elementor-lightbox-slideshow=\"814557c\" data-elementor-lightbox-title=\"MORFONTAINE VAGLIANO352\" data-e-action-hash=\"#elementor-action%3Aaction%3Dlightbox%26settings%3DeyJpZCI6NTI5NywidXJsIjoiaHR0cHM6XC9cL3d3dy5jYXRoZXJpbmVsYWNvc3RlLmNvbVwvd3AtY29udGVudFwvdXBsb2Fkc1wvMjAyMVwvMDJcL01PUkZPTlRBSU5FLVZBR0xJQU5PMzUyLTEuanBnIiwic2xpZGVzaG93IjoiODE0NTU3YyJ9\">\n\t\t\t\t\t<div class=\"e-gallery-image elementor-gallery-item__image\" data-thumbnail=\"https:\/\/www.catherinelacoste.com\/wp-content\/uploads\/2021\/02\/MORFONTAINE-VAGLIANO352-1-300x215.jpg\" data-width=\"300\" data-height=\"215\" aria-label=\"\" role=\"img\" ><\/div>\n\t\t\t\t\t\t\t\t\t\t\t<div class=\"elementor-gallery-item__overlay\"><\/div>\n\t\t\t\t\t\t\t\t\t\t\t\t\t\t<\/a>\n\t\t\t\t\t\t\t<a class=\"e-gallery-item elementor-gallery-item elementor-animated-content\" href=\"https:\/\/www.catherinelacoste.com\/wp-content\/uploads\/2021\/02\/Chat-Europe-1975-St-Cloud331.jpg\" data-elementor-open-lightbox=\"yes\" data-elementor-lightbox-slideshow=\"814557c\" data-elementor-lightbox-title=\"Chat Europe 1975 St Cloud331\" data-e-action-hash=\"#elementor-action%3Aaction%3Dlightbox%26settings%3DeyJpZCI6NTI5OCwidXJsIjoiaHR0cHM6XC9cL3d3dy5jYXRoZXJpbmVsYWNvc3RlLmNvbVwvd3AtY29udGVudFwvdXBsb2Fkc1wvMjAyMVwvMDJcL0NoYXQtRXVyb3BlLTE5NzUtU3QtQ2xvdWQzMzEuanBnIiwic2xpZGVzaG93IjoiODE0NTU3YyJ9\">\n\t\t\t\t\t<div class=\"e-gallery-image elementor-gallery-item__image\" data-thumbnail=\"https:\/\/www.catherinelacoste.com\/wp-content\/uploads\/2021\/02\/Chat-Europe-1975-St-Cloud331-300x211.jpg\" data-width=\"300\" data-height=\"211\" aria-label=\"\" role=\"img\" ><\/div>\n\t\t\t\t\t\t\t\t\t\t\t<div class=\"elementor-gallery-item__overlay\"><\/div>\n\t\t\t\t\t\t\t\t\t\t\t\t\t\t<\/a>\n\t\t\t\t\t\t\t<a class=\"e-gallery-item elementor-gallery-item elementor-animated-content\" href=\"https:\/\/www.catherinelacoste.com\/wp-content\/uploads\/2021\/02\/EQUIPE-DE-FRANCE.jpg\" data-elementor-open-lightbox=\"yes\" data-elementor-lightbox-slideshow=\"814557c\" data-elementor-lightbox-title=\"EQUIPE DE FRANCE\" data-e-action-hash=\"#elementor-action%3Aaction%3Dlightbox%26settings%3DeyJpZCI6NTI5OSwidXJsIjoiaHR0cHM6XC9cL3d3dy5jYXRoZXJpbmVsYWNvc3RlLmNvbVwvd3AtY29udGVudFwvdXBsb2Fkc1wvMjAyMVwvMDJcL0VRVUlQRS1ERS1GUkFOQ0UuanBnIiwic2xpZGVzaG93IjoiODE0NTU3YyJ9\">\n\t\t\t\t\t<div class=\"e-gallery-image elementor-gallery-item__image\" data-thumbnail=\"https:\/\/www.catherinelacoste.com\/wp-content\/uploads\/2021\/02\/EQUIPE-DE-FRANCE-300x211.jpg\" data-width=\"300\" data-height=\"211\" aria-label=\"\" role=\"img\" ><\/div>\n\t\t\t\t\t\t\t\t\t\t\t<div class=\"elementor-gallery-item__overlay\"><\/div>\n\t\t\t\t\t\t\t\t\t\t\t\t\t\t<\/a>\n\t\t\t\t\t\t\t<a class=\"e-gallery-item elementor-gallery-item elementor-animated-content\" href=\"https:\/\/www.catherinelacoste.com\/wp-content\/uploads\/2021\/01\/201910081963-GOLF-CL0891.jpg\" data-elementor-open-lightbox=\"yes\" data-elementor-lightbox-slideshow=\"814557c\" data-elementor-lightbox-title=\"201910081963 GOLF CL0891\" data-e-action-hash=\"#elementor-action%3Aaction%3Dlightbox%26settings%3DeyJpZCI6MzI2NiwidXJsIjoiaHR0cHM6XC9cL3d3dy5jYXRoZXJpbmVsYWNvc3RlLmNvbVwvd3AtY29udGVudFwvdXBsb2Fkc1wvMjAyMVwvMDFcLzIwMTkxMDA4MTk2My1HT0xGLUNMMDg5MS5qcGciLCJzbGlkZXNob3ciOiI4MTQ1NTdjIn0%3D\">\n\t\t\t\t\t<div class=\"e-gallery-image elementor-gallery-item__image\" data-thumbnail=\"https:\/\/www.catherinelacoste.com\/wp-content\/uploads\/2021\/01\/201910081963-GOLF-CL0891-149x300.jpg\" data-width=\"149\" data-height=\"300\" aria-label=\"\" role=\"img\" ><\/div>\n\t\t\t\t\t\t\t\t\t\t\t<div class=\"elementor-gallery-item__overlay\"><\/div>\n\t\t\t\t\t\t\t\t\t\t\t\t\t\t<\/a>\n\t\t\t\t\t\t\t<a class=\"e-gallery-item elementor-gallery-item elementor-animated-content\" href=\"https:\/\/www.catherinelacoste.com\/wp-content\/uploads\/2021\/01\/201909261963-GOLF-CL0901.jpg\" data-elementor-open-lightbox=\"yes\" data-elementor-lightbox-slideshow=\"814557c\" data-elementor-lightbox-title=\"201909261963 GOLF CL0901\" data-e-action-hash=\"#elementor-action%3Aaction%3Dlightbox%26settings%3DeyJpZCI6MzIzMywidXJsIjoiaHR0cHM6XC9cL3d3dy5jYXRoZXJpbmVsYWNvc3RlLmNvbVwvd3AtY29udGVudFwvdXBsb2Fkc1wvMjAyMVwvMDFcLzIwMTkwOTI2MTk2My1HT0xGLUNMMDkwMS5qcGciLCJzbGlkZXNob3ciOiI4MTQ1NTdjIn0%3D\">\n\t\t\t\t\t<div class=\"e-gallery-image elementor-gallery-item__image\" data-thumbnail=\"https:\/\/www.catherinelacoste.com\/wp-content\/uploads\/2021\/01\/201909261963-GOLF-CL0901-300x232.jpg\" data-width=\"300\" data-height=\"232\" aria-label=\"\" role=\"img\" ><\/div>\n\t\t\t\t\t\t\t\t\t\t\t<div class=\"elementor-gallery-item__overlay\"><\/div>\n\t\t\t\t\t\t\t\t\t\t\t\t\t\t<\/a>\n\t\t\t\t\t\t\t<a class=\"e-gallery-item elementor-gallery-item elementor-animated-content\" href=\"https:\/\/www.catherinelacoste.com\/wp-content\/uploads\/2021\/01\/souvenirs-golf0008.jpg\" data-elementor-open-lightbox=\"yes\" data-elementor-lightbox-slideshow=\"814557c\" data-elementor-lightbox-title=\"souvenirs golf0008\" data-e-action-hash=\"#elementor-action%3Aaction%3Dlightbox%26settings%3DeyJpZCI6MzA5MiwidXJsIjoiaHR0cHM6XC9cL3d3dy5jYXRoZXJpbmVsYWNvc3RlLmNvbVwvd3AtY29udGVudFwvdXBsb2Fkc1wvMjAyMVwvMDFcL3NvdXZlbmlycy1nb2xmMDAwOC5qcGciLCJzbGlkZXNob3ciOiI4MTQ1NTdjIn0%3D\">\n\t\t\t\t\t<div class=\"e-gallery-image elementor-gallery-item__image\" data-thumbnail=\"https:\/\/www.catherinelacoste.com\/wp-content\/uploads\/2021\/01\/souvenirs-golf0008-300x215.jpg\" data-width=\"300\" data-height=\"215\" aria-label=\"\" role=\"img\" ><\/div>\n\t\t\t\t\t\t\t\t\t\t\t<div class=\"elementor-gallery-item__overlay\"><\/div>\n\t\t\t\t\t\t\t\t\t\t\t\t\t\t<\/a>\n\t\t\t\t\t\t\t<a class=\"e-gallery-item elementor-gallery-item elementor-animated-content\" href=\"https:\/\/www.catherinelacoste.com\/wp-content\/uploads\/2020\/11\/92052091_10158795370963538_7282468108109873152_o.jpg\" data-elementor-open-lightbox=\"yes\" data-elementor-lightbox-slideshow=\"814557c\" data-elementor-lightbox-title=\"QUELLE EQUIPE!\" data-e-action-hash=\"#elementor-action%3Aaction%3Dlightbox%26settings%3DeyJpZCI6MTM1NSwidXJsIjoiaHR0cHM6XC9cL3d3dy5jYXRoZXJpbmVsYWNvc3RlLmNvbVwvd3AtY29udGVudFwvdXBsb2Fkc1wvMjAyMFwvMTFcLzkyMDUyMDkxXzEwMTU4Nzk1MzcwOTYzNTM4XzcyODI0NjgxMDgxMDk4NzMxNTJfby5qcGciLCJzbGlkZXNob3ciOiI4MTQ1NTdjIn0%3D\">\n\t\t\t\t\t<div class=\"e-gallery-image elementor-gallery-item__image\" data-thumbnail=\"https:\/\/www.catherinelacoste.com\/wp-content\/uploads\/2020\/11\/92052091_10158795370963538_7282468108109873152_o-236x300.jpg\" data-width=\"236\" data-height=\"300\" aria-label=\"\" role=\"img\" ><\/div>\n\t\t\t\t\t\t\t\t\t\t\t<div class=\"elementor-gallery-item__overlay\"><\/div>\n\t\t\t\t\t\t\t\t\t\t\t\t\t\t<\/a>\n\t\t\t\t\t<\/div>\n\t\t\t\t\t<\/div>\n\t\t\t\t<\/div>\n\t\t\t\t\t<\/div>\n\t\t<\/div>\n\t\t\t\t\t<\/div>\n\t\t<\/section>\n\t\t\t\t<\/div>","protected":false},"excerpt":{"rendered":"<p>S\u00fbrement une de premi\u00e8res photos avec l&rsquo;Equipe de France Dames! Quelle fiert\u00e9! De gauche \u00e0 droite: Catherine Lacoste, Lally de Saint Sauveur, Martine Gajan-Giraud, Brigitte Varangot. Florence Mourgue d&rsquo;Algue, Odile Semelaigne-Gara\u00efalde<\/p>","protected":false},"author":2,"featured_media":0,"parent":0,"menu_order":0,"comment_status":"closed","ping_status":"closed","template":"","meta":{"_monsterinsights_skip_tracking":false,"_monsterinsights_sitenote_active":false,"_monsterinsights_sitenote_note":"","_monsterinsights_sitenote_category":0,"ocean_post_layout":"","ocean_both_sidebars_style":"","ocean_both_sidebars_content_width":0,"ocean_both_sidebars_sidebars_width":0,"ocean_sidebar":"0","ocean_second_sidebar":"0","ocean_disable_margins":"enable","ocean_add_body_class":"","ocean_shortcode_before_top_bar":"","ocean_shortcode_after_top_bar":"","ocean_shortcode_before_header":"","ocean_shortcode_after_header":"","ocean_has_shortcode":"","ocean_shortcode_after_title":"","ocean_shortcode_before_footer_widgets":"","ocean_shortcode_after_footer_widgets":"","ocean_shortcode_before_footer_bottom":"","ocean_shortcode_after_footer_bottom":"","ocean_display_top_bar":"default","ocean_display_header":"default","ocean_header_style":"","ocean_center_header_left_menu":"0","ocean_custom_header_template":"0","ocean_custom_logo":0,"ocean_custom_retina_logo":0,"ocean_custom_logo_max_width":0,"ocean_custom_logo_tablet_max_width":0,"ocean_custom_logo_mobile_max_width":0,"ocean_custom_logo_max_height":0,"ocean_custom_logo_tablet_max_height":0,"ocean_custom_logo_mobile_max_height":0,"ocean_header_custom_menu":"0","ocean_menu_typo_font_family":"0","ocean_menu_typo_font_subset":"","ocean_menu_typo_font_size":0,"ocean_menu_typo_font_size_tablet":0,"ocean_menu_typo_font_size_mobile":0,"ocean_menu_typo_font_size_unit":"px","ocean_menu_typo_font_weight":"","ocean_menu_typo_font_weight_tablet":"","ocean_menu_typo_font_weight_mobile":"","ocean_menu_typo_transform":"","ocean_menu_typo_transform_tablet":"","ocean_menu_typo_transform_mobile":"","ocean_menu_typo_line_height":0,"ocean_menu_typo_line_height_tablet":0,"ocean_menu_typo_line_height_mobile":0,"ocean_menu_typo_line_height_unit":"","ocean_menu_typo_spacing":0,"ocean_menu_typo_spacing_tablet":0,"ocean_menu_typo_spacing_mobile":0,"ocean_menu_typo_spacing_unit":"","ocean_menu_link_color":"","ocean_menu_link_color_hover":"","ocean_menu_link_color_active":"","ocean_menu_link_background":"","ocean_menu_link_hover_background":"","ocean_menu_link_active_background":"","ocean_menu_social_links_bg":"","ocean_menu_social_hover_links_bg":"","ocean_menu_social_links_color":"","ocean_menu_social_hover_links_color":"","ocean_disable_title":"default","ocean_disable_heading":"default","ocean_post_title":"","ocean_post_subheading":"","ocean_post_title_style":"","ocean_post_title_background_color":"","ocean_post_title_background":0,"ocean_post_title_bg_image_position":"","ocean_post_title_bg_image_attachment":"","ocean_post_title_bg_image_repeat":"","ocean_post_title_bg_image_size":"","ocean_post_title_height":0,"ocean_post_title_bg_overlay":0.5,"ocean_post_title_bg_overlay_color":"","ocean_disable_breadcrumbs":"default","ocean_breadcrumbs_color":"","ocean_breadcrumbs_separator_color":"","ocean_breadcrumbs_links_color":"","ocean_breadcrumbs_links_hover_color":"","ocean_display_footer_widgets":"default","ocean_display_footer_bottom":"default","ocean_custom_footer_template":"0","footnotes":""},"class_list":["post-3372","page","type-page","status-publish","hentry","entry"],"_links":{"self":[{"href":"https:\/\/www.catherinelacoste.com\/es\/wp-json\/wp\/v2\/pages\/3372","targetHints":{"allow":["GET"]}}],"collection":[{"href":"https:\/\/www.catherinelacoste.com\/es\/wp-json\/wp\/v2\/pages"}],"about":[{"href":"https:\/\/www.catherinelacoste.com\/es\/wp-json\/wp\/v2\/types\/page"}],"author":[{"embeddable":true,"href":"https:\/\/www.catherinelacoste.com\/es\/wp-json\/wp\/v2\/users\/2"}],"replies":[{"embeddable":true,"href":"https:\/\/www.catherinelacoste.com\/es\/wp-json\/wp\/v2\/comments?post=3372"}],"version-history":[{"count":13,"href":"https:\/\/www.catherinelacoste.com\/es\/wp-json\/wp\/v2\/pages\/3372\/revisions"}],"predecessor-version":[{"id":6724,"href":"https:\/\/www.catherinelacoste.com\/es\/wp-json\/wp\/v2\/pages\/3372\/revisions\/6724"}],"wp:attachment":[{"href":"https:\/\/www.catherinelacoste.com\/es\/wp-json\/wp\/v2\/media?parent=3372"}],"curies":[{"name":"wp","href":"https:\/\/api.w.org\/{rel}","templated":true}]}}