{"id":33,"date":"2020-09-30T11:46:54","date_gmt":"2020-09-30T09:46:54","guid":{"rendered":"https:\/\/www.catherinelacoste.com\/?page_id=33"},"modified":"2021-02-20T19:25:07","modified_gmt":"2021-02-20T18:25:07","slug":"british-ladies","status":"publish","type":"page","link":"https:\/\/www.catherinelacoste.com\/es\/british-ladies\/","title":{"rendered":"British Ladies 1969"},"content":{"rendered":"<div data-elementor-type=\"wp-page\" data-elementor-id=\"33\" class=\"elementor elementor-33\" data-elementor-post-type=\"page\">\n\t\t\t\t\t\t<section class=\"elementor-section elementor-top-section elementor-element elementor-element-369fdfe elementor-section-boxed elementor-section-height-default elementor-section-height-default\" data-id=\"369fdfe\" data-element_type=\"section\">\n\t\t\t\t\t\t<div class=\"elementor-container elementor-column-gap-default\">\n\t\t\t\t\t<div class=\"elementor-column elementor-col-100 elementor-top-column elementor-element elementor-element-24b56ab\" data-id=\"24b56ab\" data-element_type=\"column\">\n\t\t\t<div class=\"elementor-widget-wrap elementor-element-populated\">\n\t\t\t\t\t\t\t<\/div>\n\t\t<\/div>\n\t\t\t\t\t<\/div>\n\t\t<\/section>\n\t\t\t\t<section class=\"elementor-section elementor-top-section elementor-element elementor-element-4c0bb8c elementor-section-boxed elementor-section-height-default elementor-section-height-default\" data-id=\"4c0bb8c\" data-element_type=\"section\">\n\t\t\t\t\t\t<div class=\"elementor-container elementor-column-gap-default\">\n\t\t\t\t\t<div class=\"elementor-column elementor-col-100 elementor-top-column elementor-element elementor-element-5bc32a5\" data-id=\"5bc32a5\" data-element_type=\"column\">\n\t\t\t<div class=\"elementor-widget-wrap elementor-element-populated\">\n\t\t\t\t\t\t<div class=\"elementor-element elementor-element-9dc0c53 elementor-widget elementor-widget-spacer\" data-id=\"9dc0c53\" data-element_type=\"widget\" data-widget_type=\"spacer.default\">\n\t\t\t\t<div class=\"elementor-widget-container\">\n\t\t\t\t\t\t\t<div class=\"elementor-spacer\">\n\t\t\t<div class=\"elementor-spacer-inner\"><\/div>\n\t\t<\/div>\n\t\t\t\t\t\t<\/div>\n\t\t\t\t<\/div>\n\t\t\t\t<div class=\"elementor-element elementor-element-76b8bf7 elementor-widget-divider--view-line elementor-widget elementor-widget-divider\" data-id=\"76b8bf7\" data-element_type=\"widget\" data-widget_type=\"divider.default\">\n\t\t\t\t<div class=\"elementor-widget-container\">\n\t\t\t\t\t\t\t<div class=\"elementor-divider\">\n\t\t\t<span class=\"elementor-divider-separator\">\n\t\t\t\t\t\t<\/span>\n\t\t<\/div>\n\t\t\t\t\t\t<\/div>\n\t\t\t\t<\/div>\n\t\t\t\t<div class=\"elementor-element elementor-element-7c83287 elementor-widget elementor-widget-spacer\" data-id=\"7c83287\" data-element_type=\"widget\" data-widget_type=\"spacer.default\">\n\t\t\t\t<div class=\"elementor-widget-container\">\n\t\t\t\t\t\t\t<div class=\"elementor-spacer\">\n\t\t\t<div class=\"elementor-spacer-inner\"><\/div>\n\t\t<\/div>\n\t\t\t\t\t\t<\/div>\n\t\t\t\t<\/div>\n\t\t\t\t\t<\/div>\n\t\t<\/div>\n\t\t\t\t\t<\/div>\n\t\t<\/section>\n\t\t\t\t<section class=\"elementor-section elementor-top-section elementor-element elementor-element-511b439 elementor-section-boxed elementor-section-height-default elementor-section-height-default\" data-id=\"511b439\" data-element_type=\"section\">\n\t\t\t\t\t\t<div class=\"elementor-container elementor-column-gap-default\">\n\t\t\t\t\t<div class=\"elementor-column elementor-col-100 elementor-top-column elementor-element elementor-element-c9b1198\" data-id=\"c9b1198\" data-element_type=\"column\">\n\t\t\t<div class=\"elementor-widget-wrap elementor-element-populated\">\n\t\t\t\t\t\t<div class=\"elementor-element elementor-element-98604e0 elementor-widget elementor-widget-heading\" data-id=\"98604e0\" data-element_type=\"widget\" data-widget_type=\"heading.default\">\n\t\t\t\t<div class=\"elementor-widget-container\">\n\t\t\t\t\t<h4 class=\"elementor-heading-title elementor-size-large\">ROYAL PORTRUSH, IRLANDE DU NORD 1969<\/h4>\t\t\t\t<\/div>\n\t\t\t\t<\/div>\n\t\t\t\t\t<\/div>\n\t\t<\/div>\n\t\t\t\t\t<\/div>\n\t\t<\/section>\n\t\t\t\t<section class=\"elementor-section elementor-top-section elementor-element elementor-element-8fab529 elementor-section-boxed elementor-section-height-default elementor-section-height-default\" data-id=\"8fab529\" data-element_type=\"section\">\n\t\t\t\t\t\t<div class=\"elementor-container elementor-column-gap-default\">\n\t\t\t\t\t<div class=\"elementor-column elementor-col-50 elementor-top-column elementor-element elementor-element-b3fac91\" data-id=\"b3fac91\" data-element_type=\"column\">\n\t\t\t<div class=\"elementor-widget-wrap elementor-element-populated\">\n\t\t\t\t\t\t<div class=\"elementor-element elementor-element-2d01d95 elementor-widget elementor-widget-image\" data-id=\"2d01d95\" data-element_type=\"widget\" data-widget_type=\"image.default\">\n\t\t\t\t<div class=\"elementor-widget-container\">\n\t\t\t\t\t\t\t\t\t\t\t\t\t\t\t<img fetchpriority=\"high\" decoding=\"async\" width=\"1024\" height=\"702\" src=\"https:\/\/www.catherinelacoste.com\/wp-content\/uploads\/2021\/01\/BRITISH-1969-7-1024x702.jpg\" class=\"attachment-large size-large wp-image-2664\" alt=\"\" srcset=\"https:\/\/www.catherinelacoste.com\/wp-content\/uploads\/2021\/01\/BRITISH-1969-7-1024x702.jpg 1024w, https:\/\/www.catherinelacoste.com\/wp-content\/uploads\/2021\/01\/BRITISH-1969-7-300x206.jpg 300w, https:\/\/www.catherinelacoste.com\/wp-content\/uploads\/2021\/01\/BRITISH-1969-7-768x527.jpg 768w, https:\/\/www.catherinelacoste.com\/wp-content\/uploads\/2021\/01\/BRITISH-1969-7-16x12.jpg 16w, https:\/\/www.catherinelacoste.com\/wp-content\/uploads\/2021\/01\/BRITISH-1969-7.jpg 1374w\" sizes=\"(max-width: 1024px) 100vw, 1024px\" \/>\t\t\t\t\t\t\t\t\t\t\t\t\t\t\t<\/div>\n\t\t\t\t<\/div>\n\t\t\t\t\t<\/div>\n\t\t<\/div>\n\t\t\t\t<div class=\"elementor-column elementor-col-50 elementor-top-column elementor-element elementor-element-c9ffd60\" data-id=\"c9ffd60\" data-element_type=\"column\">\n\t\t\t<div class=\"elementor-widget-wrap elementor-element-populated\">\n\t\t\t\t\t\t<div class=\"elementor-element elementor-element-994891f elementor-widget elementor-widget-image\" data-id=\"994891f\" data-element_type=\"widget\" data-widget_type=\"image.default\">\n\t\t\t\t<div class=\"elementor-widget-container\">\n\t\t\t\t\t\t\t\t\t\t\t\t\t\t\t<img decoding=\"async\" width=\"1024\" height=\"834\" src=\"https:\/\/www.catherinelacoste.com\/wp-content\/uploads\/2021\/01\/BRITISH-1969-17-1024x834.jpg\" class=\"attachment-large size-large wp-image-2665\" alt=\"\" srcset=\"https:\/\/www.catherinelacoste.com\/wp-content\/uploads\/2021\/01\/BRITISH-1969-17-1024x834.jpg 1024w, https:\/\/www.catherinelacoste.com\/wp-content\/uploads\/2021\/01\/BRITISH-1969-17-300x244.jpg 300w, https:\/\/www.catherinelacoste.com\/wp-content\/uploads\/2021\/01\/BRITISH-1969-17-768x625.jpg 768w, https:\/\/www.catherinelacoste.com\/wp-content\/uploads\/2021\/01\/BRITISH-1969-17-1536x1251.jpg 1536w, https:\/\/www.catherinelacoste.com\/wp-content\/uploads\/2021\/01\/BRITISH-1969-17-2048x1668.jpg 2048w, https:\/\/www.catherinelacoste.com\/wp-content\/uploads\/2021\/01\/BRITISH-1969-17-16x12.jpg 16w\" sizes=\"(max-width: 1024px) 100vw, 1024px\" \/>\t\t\t\t\t\t\t\t\t\t\t\t\t\t\t<\/div>\n\t\t\t\t<\/div>\n\t\t\t\t\t<\/div>\n\t\t<\/div>\n\t\t\t\t\t<\/div>\n\t\t<\/section>\n\t\t\t\t<section class=\"elementor-section elementor-top-section elementor-element elementor-element-abecbbc elementor-section-boxed elementor-section-height-default elementor-section-height-default\" data-id=\"abecbbc\" data-element_type=\"section\">\n\t\t\t\t\t\t<div class=\"elementor-container elementor-column-gap-default\">\n\t\t\t\t\t<div class=\"elementor-column elementor-col-100 elementor-top-column elementor-element elementor-element-bcde6cd\" data-id=\"bcde6cd\" data-element_type=\"column\">\n\t\t\t<div class=\"elementor-widget-wrap elementor-element-populated\">\n\t\t\t\t\t\t<div class=\"elementor-element elementor-element-4e0be60 elementor-widget elementor-widget-spacer\" data-id=\"4e0be60\" data-element_type=\"widget\" data-widget_type=\"spacer.default\">\n\t\t\t\t<div class=\"elementor-widget-container\">\n\t\t\t\t\t\t\t<div class=\"elementor-spacer\">\n\t\t\t<div class=\"elementor-spacer-inner\"><\/div>\n\t\t<\/div>\n\t\t\t\t\t\t<\/div>\n\t\t\t\t<\/div>\n\t\t\t\t<div class=\"elementor-element elementor-element-a5688f8 elementor-widget elementor-widget-text-editor\" data-id=\"a5688f8\" data-element_type=\"widget\" data-widget_type=\"text-editor.default\">\n\t\t\t\t<div class=\"elementor-widget-container\">\n\t\t\t\t\t\t\t\t\t<h4>Ce championnat a une valeur tr\u00e8s sp\u00e9ciale pour moi car Maman l\u2019a gagn\u00e9 en 1927.<\/h4><h4 style=\"text-align: center;\"><span style=\"color: #008000;\"><a style=\"color: #008000;\" href=\"https:\/\/en.wikipedia.org\/wiki\/The_Womens_Amateur_Championship\">https:\/\/en.wikipedia.org\/wiki\/The_Womens_Amateur_Championship<\/a><\/span><\/h4><h4>En 1963, Maman me proposa d\u2019aller le jouer au lieu d\u2019aller jouer le Girl\u2019s Championship r\u00e9serv\u00e9 aux jeunes filles car elle pensa que j\u2019apprendrais plus.<\/h4><h4>Cela fut un grand moment car Brigitte Varangot gagnait et sur le m\u00eame parcours o\u00f9 Maman l\u2019avait gagn\u00e9 en 1927.<\/h4><h4>Ensuite je l\u2019ai jou\u00e9 presque tous les ans jusqu\u2019en 1969 o\u00f9 je finis par gagner, \u00e0 la grande joie de Maman qui m\u2019avait toujours accompagn\u00e9e.<\/h4><h4>J\u2019avais gagn\u00e9 plusieurs fois la qualification mais n\u2019arrivais pas \u00e0 gagner ce championnat qui se jouait sur 6 jours et en match play. C\u2019\u00e9tait de gagner toujours sur 18 trous en match-play. On pouvait toujours tomber sur quelqu\u2019un qui jouait son meilleur sur 18 trous.<\/h4><h4>C\u2019est un peu ce qui m\u2019\u00e9tait arriv\u00e9 en 1967 o\u00f9 je me suis qualifi\u00e9e 1<sup>\u00e8re<\/sup> et perdis au premier tour contre la fran\u00e7aise Martine Cochet. A la suite de cette partie, Maman eut le merveilleux mot\u00a0: \u00ab\u00a0It might be a blessing in disguise\u00a0!\u00a0\u00bb (Cela peut \u00eatre un bienfait cach\u00e9).<\/h4><h4>Cela l\u2019a \u00e9t\u00e9 probablement car, au lieu de jouer 4 jours de plus, je suis rentr\u00e9e \u00e0 Paris et je suis partie plus t\u00f4t que pr\u00e9vu aux USA o\u00f9, quelques jours plus tard, j\u2019ai gagn\u00e9 le US Open\u00a0!<\/h4><h4>Je l\u2019ai gagn\u00e9 au Royal Portrush, Parcours de Rory McIlroy, typique parcours de bord de mer en Irlande du Nord.<\/h4><h4>Un des facteurs qui m\u2019a aid\u00e9e \u00e0 le gagner est d\u2019avoir vu Roberto de Vicenzo le pr\u00e9c\u00e9dent novembre qui m\u2019a donn\u00e9 quelques conseils pour jouer sur ce genre de parcours (vent et pluie en g\u00e9n\u00e9ral\u00a0!). Balle basse surtout.<\/h4><h4>J\u2019ai jou\u00e9 en particulier de nombreux fer 1 des d\u00e9parts, club qui me permettaient de garder la balle basse sans prise par le vent.<\/h4><h4>\u00a0<\/h4>\t\t\t\t\t\t\t\t<\/div>\n\t\t\t\t<\/div>\n\t\t\t\t<div class=\"elementor-element elementor-element-f4b36cc elementor-widget elementor-widget-spacer\" data-id=\"f4b36cc\" data-element_type=\"widget\" data-widget_type=\"spacer.default\">\n\t\t\t\t<div class=\"elementor-widget-container\">\n\t\t\t\t\t\t\t<div class=\"elementor-spacer\">\n\t\t\t<div class=\"elementor-spacer-inner\"><\/div>\n\t\t<\/div>\n\t\t\t\t\t\t<\/div>\n\t\t\t\t<\/div>\n\t\t\t\t\t<\/div>\n\t\t<\/div>\n\t\t\t\t\t<\/div>\n\t\t<\/section>\n\t\t\t\t<section class=\"elementor-section elementor-top-section elementor-element elementor-element-5233df8 elementor-section-boxed elementor-section-height-default elementor-section-height-default\" data-id=\"5233df8\" data-element_type=\"section\">\n\t\t\t\t\t\t<div class=\"elementor-container elementor-column-gap-default\">\n\t\t\t\t\t<div class=\"elementor-column elementor-col-25 elementor-top-column elementor-element elementor-element-cb5ebae\" data-id=\"cb5ebae\" data-element_type=\"column\">\n\t\t\t<div class=\"elementor-widget-wrap elementor-element-populated\">\n\t\t\t\t\t\t<div class=\"elementor-element elementor-element-1e91c6a elementor-widget elementor-widget-image\" data-id=\"1e91c6a\" data-element_type=\"widget\" data-widget_type=\"image.default\">\n\t\t\t\t<div class=\"elementor-widget-container\">\n\t\t\t\t\t\t\t\t\t\t\t\t\t\t\t<img decoding=\"async\" width=\"1024\" height=\"804\" src=\"https:\/\/www.catherinelacoste.com\/wp-content\/uploads\/2020\/10\/BRITISH-1969-11-1-1024x804.jpg\" class=\"attachment-large size-large wp-image-570\" alt=\"\" srcset=\"https:\/\/www.catherinelacoste.com\/wp-content\/uploads\/2020\/10\/BRITISH-1969-11-1-1024x804.jpg 1024w, https:\/\/www.catherinelacoste.com\/wp-content\/uploads\/2020\/10\/BRITISH-1969-11-1-300x236.jpg 300w, https:\/\/www.catherinelacoste.com\/wp-content\/uploads\/2020\/10\/BRITISH-1969-11-1-768x603.jpg 768w, https:\/\/www.catherinelacoste.com\/wp-content\/uploads\/2020\/10\/BRITISH-1969-11-1.jpg 1200w\" sizes=\"(max-width: 1024px) 100vw, 1024px\" \/>\t\t\t\t\t\t\t\t\t\t\t\t\t\t\t<\/div>\n\t\t\t\t<\/div>\n\t\t\t\t\t<\/div>\n\t\t<\/div>\n\t\t\t\t<div class=\"elementor-column elementor-col-25 elementor-top-column elementor-element elementor-element-5537453\" data-id=\"5537453\" data-element_type=\"column\">\n\t\t\t<div class=\"elementor-widget-wrap elementor-element-populated\">\n\t\t\t\t\t\t<div class=\"elementor-element elementor-element-a29c554 elementor-widget elementor-widget-image\" data-id=\"a29c554\" data-element_type=\"widget\" data-widget_type=\"image.default\">\n\t\t\t\t<div class=\"elementor-widget-container\">\n\t\t\t\t\t\t\t\t\t\t\t\t\t\t\t<img loading=\"lazy\" decoding=\"async\" width=\"1024\" height=\"804\" src=\"https:\/\/www.catherinelacoste.com\/wp-content\/uploads\/2020\/10\/BRITISH-1969-10-1-1024x804.jpg\" class=\"attachment-large size-large wp-image-569\" alt=\"\" srcset=\"https:\/\/www.catherinelacoste.com\/wp-content\/uploads\/2020\/10\/BRITISH-1969-10-1-1024x804.jpg 1024w, https:\/\/www.catherinelacoste.com\/wp-content\/uploads\/2020\/10\/BRITISH-1969-10-1-300x236.jpg 300w, https:\/\/www.catherinelacoste.com\/wp-content\/uploads\/2020\/10\/BRITISH-1969-10-1-768x603.jpg 768w, https:\/\/www.catherinelacoste.com\/wp-content\/uploads\/2020\/10\/BRITISH-1969-10-1.jpg 1200w\" sizes=\"(max-width: 1024px) 100vw, 1024px\" \/>\t\t\t\t\t\t\t\t\t\t\t\t\t\t\t<\/div>\n\t\t\t\t<\/div>\n\t\t\t\t\t<\/div>\n\t\t<\/div>\n\t\t\t\t<div class=\"elementor-column elementor-col-25 elementor-top-column elementor-element elementor-element-1db51f8\" data-id=\"1db51f8\" data-element_type=\"column\">\n\t\t\t<div class=\"elementor-widget-wrap elementor-element-populated\">\n\t\t\t\t\t\t<div class=\"elementor-element elementor-element-108f1c0 elementor-widget elementor-widget-image\" data-id=\"108f1c0\" data-element_type=\"widget\" data-widget_type=\"image.default\">\n\t\t\t\t<div class=\"elementor-widget-container\">\n\t\t\t\t\t\t\t\t\t\t\t\t\t\t\t<img loading=\"lazy\" decoding=\"async\" width=\"774\" height=\"1024\" src=\"https:\/\/www.catherinelacoste.com\/wp-content\/uploads\/2020\/10\/BRITISH-1969-16-1-774x1024.jpg\" class=\"attachment-large size-large wp-image-575\" alt=\"\" srcset=\"https:\/\/www.catherinelacoste.com\/wp-content\/uploads\/2020\/10\/BRITISH-1969-16-1-774x1024.jpg 774w, https:\/\/www.catherinelacoste.com\/wp-content\/uploads\/2020\/10\/BRITISH-1969-16-1-227x300.jpg 227w, https:\/\/www.catherinelacoste.com\/wp-content\/uploads\/2020\/10\/BRITISH-1969-16-1-768x1016.jpg 768w, https:\/\/www.catherinelacoste.com\/wp-content\/uploads\/2020\/10\/BRITISH-1969-16-1.jpg 949w\" sizes=\"(max-width: 774px) 100vw, 774px\" \/>\t\t\t\t\t\t\t\t\t\t\t\t\t\t\t<\/div>\n\t\t\t\t<\/div>\n\t\t\t\t\t<\/div>\n\t\t<\/div>\n\t\t\t\t<div class=\"elementor-column elementor-col-25 elementor-top-column elementor-element elementor-element-2027ed4\" data-id=\"2027ed4\" data-element_type=\"column\">\n\t\t\t<div class=\"elementor-widget-wrap elementor-element-populated\">\n\t\t\t\t\t\t<div class=\"elementor-element elementor-element-5a6a007 elementor-widget elementor-widget-image\" data-id=\"5a6a007\" data-element_type=\"widget\" data-widget_type=\"image.default\">\n\t\t\t\t<div class=\"elementor-widget-container\">\n\t\t\t\t\t\t\t\t\t\t\t\t\t\t\t<img loading=\"lazy\" decoding=\"async\" width=\"774\" height=\"1024\" src=\"https:\/\/www.catherinelacoste.com\/wp-content\/uploads\/2020\/10\/BRITISH-1969-15-1-774x1024.jpg\" class=\"attachment-large size-large wp-image-574\" alt=\"\" srcset=\"https:\/\/www.catherinelacoste.com\/wp-content\/uploads\/2020\/10\/BRITISH-1969-15-1-774x1024.jpg 774w, https:\/\/www.catherinelacoste.com\/wp-content\/uploads\/2020\/10\/BRITISH-1969-15-1-227x300.jpg 227w, https:\/\/www.catherinelacoste.com\/wp-content\/uploads\/2020\/10\/BRITISH-1969-15-1-768x1016.jpg 768w, https:\/\/www.catherinelacoste.com\/wp-content\/uploads\/2020\/10\/BRITISH-1969-15-1.jpg 949w\" sizes=\"(max-width: 774px) 100vw, 774px\" \/>\t\t\t\t\t\t\t\t\t\t\t\t\t\t\t<\/div>\n\t\t\t\t<\/div>\n\t\t\t\t\t<\/div>\n\t\t<\/div>\n\t\t\t\t\t<\/div>\n\t\t<\/section>\n\t\t\t\t<section class=\"elementor-section elementor-top-section elementor-element elementor-element-f86bc42 elementor-section-boxed elementor-section-height-default elementor-section-height-default\" data-id=\"f86bc42\" data-element_type=\"section\">\n\t\t\t\t\t\t<div class=\"elementor-container elementor-column-gap-default\">\n\t\t\t\t\t<div class=\"elementor-column elementor-col-33 elementor-top-column elementor-element elementor-element-c86025e\" data-id=\"c86025e\" data-element_type=\"column\">\n\t\t\t<div class=\"elementor-widget-wrap elementor-element-populated\">\n\t\t\t\t\t\t<div class=\"elementor-element elementor-element-8714ac8 elementor-invisible elementor-widget elementor-widget-image\" data-id=\"8714ac8\" data-element_type=\"widget\" data-settings=\"{&quot;_animation&quot;:&quot;fadeInDown&quot;}\" data-widget_type=\"image.default\">\n\t\t\t\t<div class=\"elementor-widget-container\">\n\t\t\t\t\t\t\t\t\t\t\t\t\t\t\t<img loading=\"lazy\" decoding=\"async\" width=\"1024\" height=\"702\" src=\"https:\/\/www.catherinelacoste.com\/wp-content\/uploads\/2020\/12\/BRITISH-1969-7-1024x702.jpg\" class=\"attachment-large size-large wp-image-1952\" alt=\"\" srcset=\"https:\/\/www.catherinelacoste.com\/wp-content\/uploads\/2020\/12\/BRITISH-1969-7-1024x702.jpg 1024w, https:\/\/www.catherinelacoste.com\/wp-content\/uploads\/2020\/12\/BRITISH-1969-7-300x206.jpg 300w, https:\/\/www.catherinelacoste.com\/wp-content\/uploads\/2020\/12\/BRITISH-1969-7-768x527.jpg 768w, https:\/\/www.catherinelacoste.com\/wp-content\/uploads\/2020\/12\/BRITISH-1969-7.jpg 1374w\" sizes=\"(max-width: 1024px) 100vw, 1024px\" \/>\t\t\t\t\t\t\t\t\t\t\t\t\t\t\t<\/div>\n\t\t\t\t<\/div>\n\t\t\t\t\t<\/div>\n\t\t<\/div>\n\t\t\t\t<div class=\"elementor-column elementor-col-33 elementor-top-column elementor-element elementor-element-4218ba3\" data-id=\"4218ba3\" data-element_type=\"column\">\n\t\t\t<div class=\"elementor-widget-wrap elementor-element-populated\">\n\t\t\t\t\t\t<div class=\"elementor-element elementor-element-578afb1 elementor-invisible elementor-widget elementor-widget-text-editor\" data-id=\"578afb1\" data-element_type=\"widget\" data-settings=\"{&quot;_animation&quot;:&quot;zoomIn&quot;}\" data-widget_type=\"text-editor.default\">\n\t\t\t\t<div class=\"elementor-widget-container\">\n\t\t\t\t\t\t\t\t\t<h4>\u00a0<\/h4><h4>Avec Simone Thion de la Chaume, ma m\u00e8re, qui l&rsquo;a gagn\u00e9 en 1927. Nous sommes les uniques m\u00e8re et fille \u00e0 l&rsquo;avoir gagn\u00e9!<\/h4>\t\t\t\t\t\t\t\t<\/div>\n\t\t\t\t<\/div>\n\t\t\t\t\t<\/div>\n\t\t<\/div>\n\t\t\t\t<div class=\"elementor-column elementor-col-33 elementor-top-column elementor-element elementor-element-a8008e8\" data-id=\"a8008e8\" data-element_type=\"column\">\n\t\t\t<div class=\"elementor-widget-wrap elementor-element-populated\">\n\t\t\t\t\t\t<div class=\"elementor-element elementor-element-013a5ae elementor-invisible elementor-widget elementor-widget-image\" data-id=\"013a5ae\" data-element_type=\"widget\" data-settings=\"{&quot;_animation&quot;:&quot;fadeInDown&quot;}\" data-widget_type=\"image.default\">\n\t\t\t\t<div class=\"elementor-widget-container\">\n\t\t\t\t\t\t\t\t\t\t\t\t\t\t\t<img loading=\"lazy\" decoding=\"async\" width=\"1024\" height=\"702\" src=\"https:\/\/www.catherinelacoste.com\/wp-content\/uploads\/2020\/12\/BRITISH-1969-8-1024x702.jpg\" class=\"attachment-large size-large wp-image-1953\" alt=\"\" srcset=\"https:\/\/www.catherinelacoste.com\/wp-content\/uploads\/2020\/12\/BRITISH-1969-8-1024x702.jpg 1024w, https:\/\/www.catherinelacoste.com\/wp-content\/uploads\/2020\/12\/BRITISH-1969-8-300x206.jpg 300w, https:\/\/www.catherinelacoste.com\/wp-content\/uploads\/2020\/12\/BRITISH-1969-8-768x527.jpg 768w, https:\/\/www.catherinelacoste.com\/wp-content\/uploads\/2020\/12\/BRITISH-1969-8.jpg 1374w\" sizes=\"(max-width: 1024px) 100vw, 1024px\" \/>\t\t\t\t\t\t\t\t\t\t\t\t\t\t\t<\/div>\n\t\t\t\t<\/div>\n\t\t\t\t\t<\/div>\n\t\t<\/div>\n\t\t\t\t\t<\/div>\n\t\t<\/section>\n\t\t\t\t<\/div>","protected":false},"excerpt":{"rendered":"<p>ROYAL PORTRUSH, IRLANDE DU NORD 1969 Ce championnat a une valeur tr\u00e8s sp\u00e9ciale pour moi car Maman l\u2019a gagn\u00e9 en 1927. https:\/\/en.wikipedia.org\/wiki\/The_Womens_Amateur_Championship En 1963, Maman me proposa d\u2019aller le jouer au lieu d\u2019aller jouer le Girl\u2019s Championship r\u00e9serv\u00e9 aux jeunes filles car elle pensa que j\u2019apprendrais plus. Cela fut un grand moment car Brigitte Varangot [&hellip;]<\/p>\n","protected":false},"author":1,"featured_media":0,"parent":0,"menu_order":0,"comment_status":"closed","ping_status":"closed","template":"","meta":{"_monsterinsights_skip_tracking":false,"_monsterinsights_sitenote_active":false,"_monsterinsights_sitenote_note":"","_monsterinsights_sitenote_category":0,"ocean_post_layout":"","ocean_both_sidebars_style":"","ocean_both_sidebars_content_width":0,"ocean_both_sidebars_sidebars_width":0,"ocean_sidebar":"0","ocean_second_sidebar":"0","ocean_disable_margins":"enable","ocean_add_body_class":"","ocean_shortcode_before_top_bar":"","ocean_shortcode_after_top_bar":"","ocean_shortcode_before_header":"","ocean_shortcode_after_header":"","ocean_has_shortcode":"","ocean_shortcode_after_title":"","ocean_shortcode_before_footer_widgets":"","ocean_shortcode_after_footer_widgets":"","ocean_shortcode_before_footer_bottom":"","ocean_shortcode_after_footer_bottom":"","ocean_display_top_bar":"default","ocean_display_header":"default","ocean_header_style":"","ocean_center_header_left_menu":"0","ocean_custom_header_template":"0","ocean_custom_logo":0,"ocean_custom_retina_logo":0,"ocean_custom_logo_max_width":0,"ocean_custom_logo_tablet_max_width":0,"ocean_custom_logo_mobile_max_width":0,"ocean_custom_logo_max_height":0,"ocean_custom_logo_tablet_max_height":0,"ocean_custom_logo_mobile_max_height":0,"ocean_header_custom_menu":"0","ocean_menu_typo_font_family":"0","ocean_menu_typo_font_subset":"","ocean_menu_typo_font_size":0,"ocean_menu_typo_font_size_tablet":0,"ocean_menu_typo_font_size_mobile":0,"ocean_menu_typo_font_size_unit":"px","ocean_menu_typo_font_weight":"","ocean_menu_typo_font_weight_tablet":"","ocean_menu_typo_font_weight_mobile":"","ocean_menu_typo_transform":"","ocean_menu_typo_transform_tablet":"","ocean_menu_typo_transform_mobile":"","ocean_menu_typo_line_height":0,"ocean_menu_typo_line_height_tablet":0,"ocean_menu_typo_line_height_mobile":0,"ocean_menu_typo_line_height_unit":"","ocean_menu_typo_spacing":0,"ocean_menu_typo_spacing_tablet":0,"ocean_menu_typo_spacing_mobile":0,"ocean_menu_typo_spacing_unit":"","ocean_menu_link_color":"","ocean_menu_link_color_hover":"","ocean_menu_link_color_active":"","ocean_menu_link_background":"","ocean_menu_link_hover_background":"","ocean_menu_link_active_background":"","ocean_menu_social_links_bg":"","ocean_menu_social_hover_links_bg":"","ocean_menu_social_links_color":"","ocean_menu_social_hover_links_color":"","ocean_disable_title":"default","ocean_disable_heading":"default","ocean_post_title":"","ocean_post_subheading":"","ocean_post_title_style":"","ocean_post_title_background_color":"","ocean_post_title_background":0,"ocean_post_title_bg_image_position":"","ocean_post_title_bg_image_attachment":"","ocean_post_title_bg_image_repeat":"","ocean_post_title_bg_image_size":"","ocean_post_title_height":0,"ocean_post_title_bg_overlay":0.5,"ocean_post_title_bg_overlay_color":"","ocean_disable_breadcrumbs":"default","ocean_breadcrumbs_color":"","ocean_breadcrumbs_separator_color":"","ocean_breadcrumbs_links_color":"","ocean_breadcrumbs_links_hover_color":"","ocean_display_footer_widgets":"default","ocean_display_footer_bottom":"default","ocean_custom_footer_template":"0","footnotes":""},"class_list":["post-33","page","type-page","status-publish","hentry","entry"],"_links":{"self":[{"href":"https:\/\/www.catherinelacoste.com\/es\/wp-json\/wp\/v2\/pages\/33","targetHints":{"allow":["GET"]}}],"collection":[{"href":"https:\/\/www.catherinelacoste.com\/es\/wp-json\/wp\/v2\/pages"}],"about":[{"href":"https:\/\/www.catherinelacoste.com\/es\/wp-json\/wp\/v2\/types\/page"}],"author":[{"embeddable":true,"href":"https:\/\/www.catherinelacoste.com\/es\/wp-json\/wp\/v2\/users\/1"}],"replies":[{"embeddable":true,"href":"https:\/\/www.catherinelacoste.com\/es\/wp-json\/wp\/v2\/comments?post=33"}],"version-history":[{"count":48,"href":"https:\/\/www.catherinelacoste.com\/es\/wp-json\/wp\/v2\/pages\/33\/revisions"}],"predecessor-version":[{"id":5281,"href":"https:\/\/www.catherinelacoste.com\/es\/wp-json\/wp\/v2\/pages\/33\/revisions\/5281"}],"wp:attachment":[{"href":"https:\/\/www.catherinelacoste.com\/es\/wp-json\/wp\/v2\/media?parent=33"}],"curies":[{"name":"wp","href":"https:\/\/api.w.org\/{rel}","templated":true}]}}