{"id":2494,"date":"2021-01-11T10:34:43","date_gmt":"2021-01-11T09:34:43","guid":{"rendered":"https:\/\/www.catherinelacoste.com\/?page_id=2494"},"modified":"2021-06-24T11:04:21","modified_gmt":"2021-06-24T09:04:21","slug":"championnats-seniors","status":"publish","type":"page","link":"https:\/\/www.catherinelacoste.com\/es\/championnats-seniors\/","title":{"rendered":"Seniors"},"content":{"rendered":"<div data-elementor-type=\"wp-page\" data-elementor-id=\"2494\" class=\"elementor elementor-2494\" data-elementor-post-type=\"page\">\n\t\t\t\t\t\t<section class=\"elementor-section elementor-top-section elementor-element elementor-element-5cc30ca elementor-section-boxed elementor-section-height-default elementor-section-height-default\" data-id=\"5cc30ca\" data-element_type=\"section\">\n\t\t\t\t\t\t<div class=\"elementor-container elementor-column-gap-default\">\n\t\t\t\t\t<div class=\"elementor-column elementor-col-100 elementor-top-column elementor-element elementor-element-956c546\" data-id=\"956c546\" data-element_type=\"column\">\n\t\t\t<div class=\"elementor-widget-wrap elementor-element-populated\">\n\t\t\t\t\t\t<div class=\"elementor-element elementor-element-44dd020 elementor-widget elementor-widget-text-editor\" data-id=\"44dd020\" data-element_type=\"widget\" data-widget_type=\"text-editor.default\">\n\t\t\t\t<div class=\"elementor-widget-container\">\n\t\t\t\t\t\t\t\t\t<p><strong style=\"font-family: Belleza; font-size: 20px; font-style: italic; letter-spacing: 1.9px;\">Mon Epoque de Seniors<\/strong><\/p><h4><span style=\"text-decoration: underline;\"><a href=\"https:\/\/www.catherinelacoste.com\/trophee-simone-thion-de-la-chaume\/\"><strong><span style=\"color: #339966; text-decoration: underline;\">Trofeo Simone Thion de la Chaume<\/span><\/strong><\/a><\/span><\/h4><h4><span style=\"text-decoration: underline; color: #339966;\"><a style=\"color: #339966; text-decoration: underline;\" href=\"https:\/\/www.catherinelacoste.com\/championnats-deurope-par-equipe\/\"><strong>Campeonatos de europa por equipos<\/strong><\/a><\/span><\/h4><h4>\u00a0<\/h4><h4>Apr\u00e8s une assez longue interruption (1982-1999), je suis revenue dans le monde du golf.<\/h4><h4>D\u2019abord je me suis lanc\u00e9e en jouant le Championnat d\u2019Espagne Seniors \u00e0 la Manga. Ce fut un d\u00e9sastre car j\u2019avais perdu l\u2019habitude de jouer des championnats et je me mettais devant la balle et ne savais pas du tout ce qui allait se passer\u00a0! Une soquette, un top, un 3 putts de tr\u00e8s pr\u00e8s. Je fis une carte de 100\u00a0! \u00a0Il fallait que je d\u00e9cide si j\u2019abandonnais d\u00e9finitivement la comp\u00e9tition o\u00f9 si j\u2019essayais de retrouver un jeu qui me permettrait de jouer \u00e9ventuellement les Championnats d\u2019Europe par Equipes pour la France. Je pris la bone d\u00e9cision\u00a0: continuer\u00a0!<\/h4><h4>Car quelques ann\u00e9es plus tard, nous arrivions \u00e0 gagner ce Championnat avec plusieurs anciennes membres de l\u2019Equipe de France et m\u00eame de l\u2019Equipe du Championnat de Monde de 1964 comme Claudine. Cela fut quelque chose de tr\u00e8s \u00e9mouvant pour nous\u00a0!<\/h4><h4>Quelques ann\u00e9es plus t\u00f4t, J\u2019avais d\u00e9cid\u00e9 d\u2019organiser un Championnat qui ferait \u00a0reconna\u00eetre le parcours golfique de la grande championne qu\u2019avait \u00e9t\u00e9 ma m\u00e8re, Simone Thion de la Chaume, gagnante du Girls (1924) et du British Ladies Amateur (1927), en dehors de Worplesdon Foursomes, le Championnat de Doubles de Grande Bretagne. Elle a pu en profiter plusieurs ann\u00e9es. \u00e0 ma grande joie, en voyant de grandes joueuses le gagner, le Troph\u00e9e Simone Thion de la Chaume. Ce Championnat fut enrichi et d\u00e9velopper en 2007 par ma fille V\u00e9ronique et son ami Vaea de Soultrait jusqu\u2019en 2019, c\u2019est-\u00e0-dire 20 ans\u00a0!<\/h4><h4>La formule \u00e9tait 54 trous en medal-play et ouverte \u00e0 toutes les joueuses amateurs et professionnelles \u00e0 partir de 50 ans. Cela a \u00a0\u00e9t\u00e9 de <strong><u>PREMIER <\/u><\/strong>tournoi avec cette formule au Monde, permettant aux joueuses qui \u00e9taient devenues professionnelles de pouvoir jouer un Championnat de nouveau.<\/h4><h4>Au d\u00e9part, nous avions r\u00e9uni \u00e0 Chantaco, le club o\u00f9 Maman avait \u00e9t\u00e9 Pr\u00e9sidente pendant 40 ans, environ 35 joueuses jusqu\u2019\u00e0 un hdcp de 18 et 2 professionnelles\u00a0! Mais \u00e0 la fin le maximum de hdcp \u00e9tait d\u2019environ 6 et une dizaine de professionnelles\u00a0!<\/h4><h4>D\u2019autre part, pour fixer le 1<sup>er<\/sup> Prix de professionnelle, je faisais la liaison avec le US Open que j\u2019avais gagn\u00e9 en 1967 et o\u00f9 j\u2019aurais gagn\u00e9, si j\u2019avais \u00e9t\u00e9 professionnelle, la somme de 5.000$ et donc apr\u00e8s l\u2019avoir transform\u00e9 en Euros, ce fut le prix pendant les 20 ann\u00e9es suivantes.<\/h4>\t\t\t\t\t\t\t\t<\/div>\n\t\t\t\t<\/div>\n\t\t\t\t\t<\/div>\n\t\t<\/div>\n\t\t\t\t\t<\/div>\n\t\t<\/section>\n\t\t\t\t<section class=\"elementor-section elementor-top-section elementor-element elementor-element-d1f7317 elementor-section-boxed elementor-section-height-default elementor-section-height-default\" data-id=\"d1f7317\" data-element_type=\"section\">\n\t\t\t\t\t\t<div class=\"elementor-container elementor-column-gap-default\">\n\t\t\t\t\t<div class=\"elementor-column elementor-col-100 elementor-top-column elementor-element elementor-element-37d67d2\" data-id=\"37d67d2\" data-element_type=\"column\">\n\t\t\t<div class=\"elementor-widget-wrap elementor-element-populated\">\n\t\t\t\t\t\t<div class=\"elementor-element elementor-element-bc0d02b elementor-widget elementor-widget-image\" data-id=\"bc0d02b\" data-element_type=\"widget\" data-widget_type=\"image.default\">\n\t\t\t\t<div class=\"elementor-widget-container\">\n\t\t\t\t\t\t\t\t\t\t\t\t\t\t\t<img fetchpriority=\"high\" decoding=\"async\" width=\"1024\" height=\"768\" src=\"https:\/\/www.catherinelacoste.com\/wp-content\/uploads\/2021\/02\/QUELLE-JOIE-1024x768.jpg\" class=\"attachment-large size-large wp-image-4638\" alt=\"\" srcset=\"https:\/\/www.catherinelacoste.com\/wp-content\/uploads\/2021\/02\/QUELLE-JOIE-1024x768.jpg 1024w, https:\/\/www.catherinelacoste.com\/wp-content\/uploads\/2021\/02\/QUELLE-JOIE-300x225.jpg 300w, https:\/\/www.catherinelacoste.com\/wp-content\/uploads\/2021\/02\/QUELLE-JOIE-768x576.jpg 768w, https:\/\/www.catherinelacoste.com\/wp-content\/uploads\/2021\/02\/QUELLE-JOIE-16x12.jpg 16w, https:\/\/www.catherinelacoste.com\/wp-content\/uploads\/2021\/02\/QUELLE-JOIE.jpg 1216w\" sizes=\"(max-width: 1024px) 100vw, 1024px\" \/>\t\t\t\t\t\t\t\t\t\t\t\t\t\t\t<\/div>\n\t\t\t\t<\/div>\n\t\t\t\t\t<\/div>\n\t\t<\/div>\n\t\t\t\t\t<\/div>\n\t\t<\/section>\n\t\t\t\t<section class=\"elementor-section elementor-top-section elementor-element elementor-element-d04f5a6 elementor-section-boxed elementor-section-height-default elementor-section-height-default\" data-id=\"d04f5a6\" data-element_type=\"section\">\n\t\t\t\t\t\t<div class=\"elementor-container elementor-column-gap-default\">\n\t\t\t\t\t<div class=\"elementor-column elementor-col-100 elementor-top-column elementor-element elementor-element-7931171\" data-id=\"7931171\" data-element_type=\"column\">\n\t\t\t<div class=\"elementor-widget-wrap elementor-element-populated\">\n\t\t\t\t\t\t<div class=\"elementor-element elementor-element-60e3817 elementor-widget elementor-widget-text-editor\" data-id=\"60e3817\" data-element_type=\"widget\" data-widget_type=\"text-editor.default\">\n\t\t\t\t<div class=\"elementor-widget-container\">\n\t\t\t\t\t\t\t\t\t<h4>Un grand moment de joie: le Championnat d&rsquo;Europe Seniors par Equipe en Finlande avec 5 amies de toujours: Cecilia Mourgue d&rsquo;Algue, Cros-Rubin, Marie-Christine Ubald-Bocquet, Florence Mourgue d&rsquo;Algue, Catherine Lacoste<\/h4>\t\t\t\t\t\t\t\t<\/div>\n\t\t\t\t<\/div>\n\t\t\t\t\t<\/div>\n\t\t<\/div>\n\t\t\t\t\t<\/div>\n\t\t<\/section>\n\t\t\t\t<section class=\"elementor-section elementor-top-section elementor-element elementor-element-dc188dd elementor-section-boxed elementor-section-height-default elementor-section-height-default\" data-id=\"dc188dd\" data-element_type=\"section\">\n\t\t\t\t\t\t<div class=\"elementor-container elementor-column-gap-default\">\n\t\t\t\t\t<div class=\"elementor-column elementor-col-50 elementor-top-column elementor-element elementor-element-601bed5\" data-id=\"601bed5\" data-element_type=\"column\">\n\t\t\t<div class=\"elementor-widget-wrap elementor-element-populated\">\n\t\t\t\t\t\t<div class=\"elementor-element elementor-element-2d18e35 elementor-widget elementor-widget-image\" data-id=\"2d18e35\" data-element_type=\"widget\" data-widget_type=\"image.default\">\n\t\t\t\t<div class=\"elementor-widget-container\">\n\t\t\t\t\t\t\t\t\t\t\t\t\t\t\t<img decoding=\"async\" width=\"1024\" height=\"662\" src=\"https:\/\/www.catherinelacoste.com\/wp-content\/uploads\/2021\/02\/chat-europe-belgique-2006564-1024x662.jpg\" class=\"attachment-large size-large wp-image-4654\" alt=\"\" srcset=\"https:\/\/www.catherinelacoste.com\/wp-content\/uploads\/2021\/02\/chat-europe-belgique-2006564-1024x662.jpg 1024w, https:\/\/www.catherinelacoste.com\/wp-content\/uploads\/2021\/02\/chat-europe-belgique-2006564-300x194.jpg 300w, https:\/\/www.catherinelacoste.com\/wp-content\/uploads\/2021\/02\/chat-europe-belgique-2006564-768x496.jpg 768w, https:\/\/www.catherinelacoste.com\/wp-content\/uploads\/2021\/02\/chat-europe-belgique-2006564-1536x993.jpg 1536w, https:\/\/www.catherinelacoste.com\/wp-content\/uploads\/2021\/02\/chat-europe-belgique-2006564-16x10.jpg 16w, https:\/\/www.catherinelacoste.com\/wp-content\/uploads\/2021\/02\/chat-europe-belgique-2006564.jpg 1782w\" sizes=\"(max-width: 1024px) 100vw, 1024px\" \/>\t\t\t\t\t\t\t\t\t\t\t\t\t\t\t<\/div>\n\t\t\t\t<\/div>\n\t\t\t\t\t<\/div>\n\t\t<\/div>\n\t\t\t\t<div class=\"elementor-column elementor-col-50 elementor-top-column elementor-element elementor-element-e6c370b\" data-id=\"e6c370b\" data-element_type=\"column\">\n\t\t\t<div class=\"elementor-widget-wrap elementor-element-populated\">\n\t\t\t\t\t\t<div class=\"elementor-element elementor-element-a8d3cac elementor-widget elementor-widget-image\" data-id=\"a8d3cac\" data-element_type=\"widget\" data-widget_type=\"image.default\">\n\t\t\t\t<div class=\"elementor-widget-container\">\n\t\t\t\t\t\t\t\t\t\t\t\t\t\t\t<img decoding=\"async\" width=\"1024\" height=\"768\" src=\"https:\/\/www.catherinelacoste.com\/wp-content\/uploads\/2021\/02\/DSC04497-1024x768.jpg\" class=\"attachment-large size-large wp-image-4660\" alt=\"\" srcset=\"https:\/\/www.catherinelacoste.com\/wp-content\/uploads\/2021\/02\/DSC04497-1024x768.jpg 1024w, https:\/\/www.catherinelacoste.com\/wp-content\/uploads\/2021\/02\/DSC04497-300x225.jpg 300w, https:\/\/www.catherinelacoste.com\/wp-content\/uploads\/2021\/02\/DSC04497-768x576.jpg 768w, https:\/\/www.catherinelacoste.com\/wp-content\/uploads\/2021\/02\/DSC04497-1536x1152.jpg 1536w, https:\/\/www.catherinelacoste.com\/wp-content\/uploads\/2021\/02\/DSC04497-16x12.jpg 16w, https:\/\/www.catherinelacoste.com\/wp-content\/uploads\/2021\/02\/DSC04497.jpg 2048w\" sizes=\"(max-width: 1024px) 100vw, 1024px\" \/>\t\t\t\t\t\t\t\t\t\t\t\t\t\t\t<\/div>\n\t\t\t\t<\/div>\n\t\t\t\t\t<\/div>\n\t\t<\/div>\n\t\t\t\t\t<\/div>\n\t\t<\/section>\n\t\t\t\t<\/div>","protected":false},"excerpt":{"rendered":"<p>Mon Epoque de Seniors Troph\u00e9e Simone Thion de la Chaume Championnats d\u2019Europe par \u00e9quipe \u00a0 Apr\u00e8s une assez longue interruption (1982-1999), je suis revenue dans le monde du golf. D\u2019abord je me suis lanc\u00e9e en jouant le Championnat d\u2019Espagne Seniors \u00e0 la Manga. Ce fut un d\u00e9sastre car j\u2019avais perdu l\u2019habitude de jouer des championnats [&hellip;]<\/p>\n","protected":false},"author":2,"featured_media":0,"parent":0,"menu_order":0,"comment_status":"closed","ping_status":"closed","template":"","meta":{"_monsterinsights_skip_tracking":false,"_monsterinsights_sitenote_active":false,"_monsterinsights_sitenote_note":"","_monsterinsights_sitenote_category":0,"ocean_post_layout":"","ocean_both_sidebars_style":"","ocean_both_sidebars_content_width":0,"ocean_both_sidebars_sidebars_width":0,"ocean_sidebar":"0","ocean_second_sidebar":"0","ocean_disable_margins":"enable","ocean_add_body_class":"","ocean_shortcode_before_top_bar":"","ocean_shortcode_after_top_bar":"","ocean_shortcode_before_header":"","ocean_shortcode_after_header":"","ocean_has_shortcode":"","ocean_shortcode_after_title":"","ocean_shortcode_before_footer_widgets":"","ocean_shortcode_after_footer_widgets":"","ocean_shortcode_before_footer_bottom":"","ocean_shortcode_after_footer_bottom":"","ocean_display_top_bar":"default","ocean_display_header":"default","ocean_header_style":"","ocean_center_header_left_menu":"0","ocean_custom_header_template":"0","ocean_custom_logo":0,"ocean_custom_retina_logo":0,"ocean_custom_logo_max_width":0,"ocean_custom_logo_tablet_max_width":0,"ocean_custom_logo_mobile_max_width":0,"ocean_custom_logo_max_height":0,"ocean_custom_logo_tablet_max_height":0,"ocean_custom_logo_mobile_max_height":0,"ocean_header_custom_menu":"0","ocean_menu_typo_font_family":"0","ocean_menu_typo_font_subset":"","ocean_menu_typo_font_size":0,"ocean_menu_typo_font_size_tablet":0,"ocean_menu_typo_font_size_mobile":0,"ocean_menu_typo_font_size_unit":"px","ocean_menu_typo_font_weight":"","ocean_menu_typo_font_weight_tablet":"","ocean_menu_typo_font_weight_mobile":"","ocean_menu_typo_transform":"","ocean_menu_typo_transform_tablet":"","ocean_menu_typo_transform_mobile":"","ocean_menu_typo_line_height":0,"ocean_menu_typo_line_height_tablet":0,"ocean_menu_typo_line_height_mobile":0,"ocean_menu_typo_line_height_unit":"","ocean_menu_typo_spacing":0,"ocean_menu_typo_spacing_tablet":0,"ocean_menu_typo_spacing_mobile":0,"ocean_menu_typo_spacing_unit":"","ocean_menu_link_color":"","ocean_menu_link_color_hover":"","ocean_menu_link_color_active":"","ocean_menu_link_background":"","ocean_menu_link_hover_background":"","ocean_menu_link_active_background":"","ocean_menu_social_links_bg":"","ocean_menu_social_hover_links_bg":"","ocean_menu_social_links_color":"","ocean_menu_social_hover_links_color":"","ocean_disable_title":"default","ocean_disable_heading":"default","ocean_post_title":"","ocean_post_subheading":"","ocean_post_title_style":"","ocean_post_title_background_color":"","ocean_post_title_background":0,"ocean_post_title_bg_image_position":"","ocean_post_title_bg_image_attachment":"","ocean_post_title_bg_image_repeat":"","ocean_post_title_bg_image_size":"","ocean_post_title_height":0,"ocean_post_title_bg_overlay":0.5,"ocean_post_title_bg_overlay_color":"","ocean_disable_breadcrumbs":"default","ocean_breadcrumbs_color":"","ocean_breadcrumbs_separator_color":"","ocean_breadcrumbs_links_color":"","ocean_breadcrumbs_links_hover_color":"","ocean_display_footer_widgets":"default","ocean_display_footer_bottom":"default","ocean_custom_footer_template":"0","footnotes":""},"class_list":["post-2494","page","type-page","status-publish","hentry","entry"],"_links":{"self":[{"href":"https:\/\/www.catherinelacoste.com\/es\/wp-json\/wp\/v2\/pages\/2494","targetHints":{"allow":["GET"]}}],"collection":[{"href":"https:\/\/www.catherinelacoste.com\/es\/wp-json\/wp\/v2\/pages"}],"about":[{"href":"https:\/\/www.catherinelacoste.com\/es\/wp-json\/wp\/v2\/types\/page"}],"author":[{"embeddable":true,"href":"https:\/\/www.catherinelacoste.com\/es\/wp-json\/wp\/v2\/users\/2"}],"replies":[{"embeddable":true,"href":"https:\/\/www.catherinelacoste.com\/es\/wp-json\/wp\/v2\/comments?post=2494"}],"version-history":[{"count":32,"href":"https:\/\/www.catherinelacoste.com\/es\/wp-json\/wp\/v2\/pages\/2494\/revisions"}],"predecessor-version":[{"id":7535,"href":"https:\/\/www.catherinelacoste.com\/es\/wp-json\/wp\/v2\/pages\/2494\/revisions\/7535"}],"wp:attachment":[{"href":"https:\/\/www.catherinelacoste.com\/es\/wp-json\/wp\/v2\/media?parent=2494"}],"curies":[{"name":"wp","href":"https:\/\/api.w.org\/{rel}","templated":true}]}}