{"id":2456,"date":"2021-01-06T18:42:39","date_gmt":"2021-01-06T17:42:39","guid":{"rendered":"https:\/\/www.catherinelacoste.com\/?page_id=2456"},"modified":"2021-01-15T11:28:34","modified_gmt":"2021-01-15T10:28:34","slug":"mentions-legales","status":"publish","type":"page","link":"https:\/\/www.catherinelacoste.com\/es\/mentions-legales\/","title":{"rendered":"Notas legales"},"content":{"rendered":"<div data-elementor-type=\"wp-page\" data-elementor-id=\"2456\" class=\"elementor elementor-2456\" data-elementor-post-type=\"page\">\n\t\t\t\t\t\t<section class=\"elementor-section elementor-top-section elementor-element elementor-element-4aa83b6 elementor-section-boxed elementor-section-height-default elementor-section-height-default\" data-id=\"4aa83b6\" data-element_type=\"section\">\n\t\t\t\t\t\t<div class=\"elementor-container elementor-column-gap-default\">\n\t\t\t\t\t<div class=\"elementor-column elementor-col-100 elementor-top-column elementor-element elementor-element-a674668\" data-id=\"a674668\" data-element_type=\"column\">\n\t\t\t<div class=\"elementor-widget-wrap elementor-element-populated\">\n\t\t\t\t\t\t<div class=\"elementor-element elementor-element-eb9e72c elementor-widget elementor-widget-text-editor\" data-id=\"eb9e72c\" data-element_type=\"widget\" data-widget_type=\"text-editor.default\">\n\t\t\t\t<div class=\"elementor-widget-container\">\n\t\t\t\t\t\t\t\t\t<h4>Mentions l\u00e9gales<\/h4><h4>L&rsquo;Atelier d&rsquo;Aline\u00a0<br \/>37 les Jardins de Sainte Suzanne &#8211; 35350 Saint Coulomb<br \/>Siret : 80949913000015<br \/>Num\u00e9ro de t\u00e9l\u00e9phone: 0613566195<\/h4><h4>Directeur de publication : Aline Theodore<\/h4><h4>________________________________________<\/h4><h4>H\u00e9bergement :\u00a0<\/h4><h4>Gandi.net<\/h4><h4>Adresse Gandi SAS<br \/>63-65 boulevard Mass\u00e9na<br \/>75013 Paris<\/h4><h4>Propri\u00e9t\u00e9 Intellectuelle<\/h4><h4>La structure g\u00e9n\u00e9rale ainsi que les logiciels, textes, images, vid\u00e9os, sons, animations, graphismes \u2026 et tout autre \u00e9l\u00e9ment composant le site sont la propri\u00e9t\u00e9 exclusive de l&rsquo;Atelier d&rsquo;Aline , ou bien sont r\u00e9guli\u00e8rement exploit\u00e9s sous licence. Toute repr\u00e9sentation totale ou partielle de ce site par quelque proc\u00e9d\u00e9 que ce soit, sans l\u2019autorisation expresse de l&rsquo;Atelier d&rsquo;Aline , est interdite et constituerait une contrefa\u00e7on sanctionn\u00e9e par les articles L.335-2 et suivants du Code de la propri\u00e9t\u00e9 intellectuelle. L\u2019ensemble des textes et illustrations mis en ligne par l&rsquo;Atelier d&rsquo;Aline est prot\u00e9g\u00e9 par le droit d\u2019auteur et par le droit prot\u00e9geant les bases de donn\u00e9es dont l\u2019Editeur est producteur au sens des articles L 341-1 et suivants du Code de la Propri\u00e9t\u00e9 Intellectuelle. Les marques de l&rsquo;Atelier d&rsquo;Aline et de ses partenaires, ainsi que les logos, figurant sur le site sont des marques (semi figuratives ou non) d\u00e9pos\u00e9es. Toute reproduction ou repr\u00e9sentation totale ou partielle de ces marques, toute modification, toute alt\u00e9ration de ces marques et\/ou logos sans l\u2019autorisation expresse de l&rsquo;Atelier d&rsquo;Aline sont donc prohib\u00e9es, au sens de l\u2019article L.713-2 du Code de la propri\u00e9t\u00e9 intellectuelle.<\/h4><h4>Droits d\u2019images<\/h4><h4>\u00a9 Catherine Lacoste<\/h4><h4>\u00a9 Toutes les autres images et illustrations de ce site sont la propri\u00e9t\u00e9 exclusive de l&rsquo;Atelier d&rsquo;Aline<\/h4><h4>Liens hypertextes<\/h4><h4>L&rsquo;Atelier d&rsquo;Aline d\u00e9cline toute responsabilit\u00e9 sur le contenu des sites dont il n\u2019est pas l\u2019\u00e9diteur et qui sont accessibles par l\u2019interm\u00e9diaire de liens hypertextes.<\/h4><h4>Les utilisateurs du site \u00abcatherinelacoste.com \u00bb ne peuvent mettre en place un hyperlien en direction de ce site sans l\u2019autorisation expresse et pr\u00e9alable de l&rsquo;Atelier d&rsquo;Aline.<\/h4><h4>Limitation de responsabilit\u00e9<\/h4><h4>L\u2019utilisateur utilise le site \u00e0 ses seuls risques. En aucun cas, l&rsquo;Atelier d&rsquo;Aline ne pourrait \u00eatre tenue responsable des dommages directs ou indirects, et notamment pr\u00e9judice mat\u00e9riel, perte de donn\u00e9es ou de programme, pr\u00e9judice financier, r\u00e9sultant de l\u2019acc\u00e8s ou de l\u2019utilisation de ce site ou de tous sites qui lui sont li\u00e9s. Le contenu du site est pr\u00e9sent\u00e9 sans aucune garantie de quelque nature que ce soit.<\/h4><h4>Les informations sur les produits et leurs caract\u00e9ristiques correspondent \u00e0 une d\u00e9finition au moment de la mise en ligne ou des mises \u00e0 jour des diff\u00e9rentes pages du site ; elles ne sont donn\u00e9es qu\u2019\u00e0 titre indicatif et ne sauraient \u00eatre consid\u00e9r\u00e9es comme constituant une offre contractuelle de produits ou services \u00e9manant de l&rsquo;Atelier d&rsquo;Aline. Des erreurs ou omissions peuvent survenir.<\/h4><h4>L\u2019acc\u00e8s aux produits et services pr\u00e9sent\u00e9s sur le site peut faire l\u2019objet de restrictions. Vous devez donc vous assurer que la loi du pays \u00e0 partir duquel la connexion est \u00e9tablie vous autorise \u00e0 acc\u00e9der \u00e0 notre site.<\/h4><h4>Cookies<\/h4><h4>Nous souhaitons implanter un cookie dans votre ordinateur. Un cookie ne nous permet pas de vous identifier; en revanche, il enregistre des informations relatives \u00e0 la navigation de votre ordinateur sur notre site (les pages que vous avez consult\u00e9es, la date et l\u2019heure de la consultation, etc.) que nous pourrons lire lors de vos visites ult\u00e9rieures. La dur\u00e9e de conservation de ces informations dans votre ordinateur n\u2019exc\u00e8de pas un an.<\/h4><h4>Nous vous informons que vous pouvez vous opposer \u00e0 l\u2019enregistrement de \u201ccookies\u201d en param\u00e9trant votre navigateur.<\/h4><h4>Donn\u00e9es nominatives :<\/h4><h4>En application de la Loi n\u00b0 78-17 du 6 janvier 1978 relative \u00e0 l\u2019Informatique, aux Fichiers et aux Libert\u00e9s, vous disposez des droits d\u2019opposition (art. 26 de la loi), d\u2019acc\u00e8s (art.34 \u00e0 38 de la loi) et de rectification (art. 36 de la loi) des donn\u00e9es vous concernant. Ainsi, vous pouvez nous contacter pour que soient rectifi\u00e9es, compl\u00e9t\u00e9es, mises \u00e0 jour ou effac\u00e9es les informations vous concernant qui sont inexactes, incompl\u00e8tes, \u00e9quivoques, p\u00e9rim\u00e9es ou dont la collecte ou l\u2019utilisation, la communication ou la conservation est interdite. Les informations qui vous concernent sont uniquement destin\u00e9es \u00e0 Evolutive-Formation. Nous ne transmettons ces informations \u00e0 aucun tiers (partenaires commerciaux, etc).<\/h4><h4>\u00a0<\/h4>\t\t\t\t\t\t\t\t<\/div>\n\t\t\t\t<\/div>\n\t\t\t\t\t<\/div>\n\t\t<\/div>\n\t\t\t\t\t<\/div>\n\t\t<\/section>\n\t\t\t\t<\/div>","protected":false},"excerpt":{"rendered":"<p>Mentions l\u00e9gales L&rsquo;Atelier d&rsquo;Aline\u00a037 les Jardins de Sainte Suzanne &#8211; 35350 Saint CoulombSiret : 80949913000015Num\u00e9ro de t\u00e9l\u00e9phone: 0613566195 Directeur de publication : Aline Theodore ________________________________________ H\u00e9bergement :\u00a0 Gandi.net Adresse Gandi SAS63-65 boulevard Mass\u00e9na75013 Paris Propri\u00e9t\u00e9 Intellectuelle La structure g\u00e9n\u00e9rale ainsi que les logiciels, textes, images, vid\u00e9os, sons, animations, graphismes \u2026 et tout autre \u00e9l\u00e9ment composant [&hellip;]<\/p>\n","protected":false},"author":2,"featured_media":0,"parent":0,"menu_order":0,"comment_status":"closed","ping_status":"closed","template":"","meta":{"_monsterinsights_skip_tracking":false,"_monsterinsights_sitenote_active":false,"_monsterinsights_sitenote_note":"","_monsterinsights_sitenote_category":0,"ocean_post_layout":"","ocean_both_sidebars_style":"","ocean_both_sidebars_content_width":0,"ocean_both_sidebars_sidebars_width":0,"ocean_sidebar":"0","ocean_second_sidebar":"0","ocean_disable_margins":"enable","ocean_add_body_class":"","ocean_shortcode_before_top_bar":"","ocean_shortcode_after_top_bar":"","ocean_shortcode_before_header":"","ocean_shortcode_after_header":"","ocean_has_shortcode":"","ocean_shortcode_after_title":"","ocean_shortcode_before_footer_widgets":"","ocean_shortcode_after_footer_widgets":"","ocean_shortcode_before_footer_bottom":"","ocean_shortcode_after_footer_bottom":"","ocean_display_top_bar":"default","ocean_display_header":"default","ocean_header_style":"","ocean_center_header_left_menu":"0","ocean_custom_header_template":"0","ocean_custom_logo":0,"ocean_custom_retina_logo":0,"ocean_custom_logo_max_width":0,"ocean_custom_logo_tablet_max_width":0,"ocean_custom_logo_mobile_max_width":0,"ocean_custom_logo_max_height":0,"ocean_custom_logo_tablet_max_height":0,"ocean_custom_logo_mobile_max_height":0,"ocean_header_custom_menu":"0","ocean_menu_typo_font_family":"0","ocean_menu_typo_font_subset":"","ocean_menu_typo_font_size":0,"ocean_menu_typo_font_size_tablet":0,"ocean_menu_typo_font_size_mobile":0,"ocean_menu_typo_font_size_unit":"px","ocean_menu_typo_font_weight":"","ocean_menu_typo_font_weight_tablet":"","ocean_menu_typo_font_weight_mobile":"","ocean_menu_typo_transform":"","ocean_menu_typo_transform_tablet":"","ocean_menu_typo_transform_mobile":"","ocean_menu_typo_line_height":0,"ocean_menu_typo_line_height_tablet":0,"ocean_menu_typo_line_height_mobile":0,"ocean_menu_typo_line_height_unit":"","ocean_menu_typo_spacing":0,"ocean_menu_typo_spacing_tablet":0,"ocean_menu_typo_spacing_mobile":0,"ocean_menu_typo_spacing_unit":"","ocean_menu_link_color":"","ocean_menu_link_color_hover":"","ocean_menu_link_color_active":"","ocean_menu_link_background":"","ocean_menu_link_hover_background":"","ocean_menu_link_active_background":"","ocean_menu_social_links_bg":"","ocean_menu_social_hover_links_bg":"","ocean_menu_social_links_color":"","ocean_menu_social_hover_links_color":"","ocean_disable_title":"default","ocean_disable_heading":"default","ocean_post_title":"","ocean_post_subheading":"","ocean_post_title_style":"","ocean_post_title_background_color":"","ocean_post_title_background":0,"ocean_post_title_bg_image_position":"","ocean_post_title_bg_image_attachment":"","ocean_post_title_bg_image_repeat":"","ocean_post_title_bg_image_size":"","ocean_post_title_height":0,"ocean_post_title_bg_overlay":0.5,"ocean_post_title_bg_overlay_color":"","ocean_disable_breadcrumbs":"default","ocean_breadcrumbs_color":"","ocean_breadcrumbs_separator_color":"","ocean_breadcrumbs_links_color":"","ocean_breadcrumbs_links_hover_color":"","ocean_display_footer_widgets":"default","ocean_display_footer_bottom":"default","ocean_custom_footer_template":"0","footnotes":""},"class_list":["post-2456","page","type-page","status-publish","hentry","entry"],"_links":{"self":[{"href":"https:\/\/www.catherinelacoste.com\/es\/wp-json\/wp\/v2\/pages\/2456","targetHints":{"allow":["GET"]}}],"collection":[{"href":"https:\/\/www.catherinelacoste.com\/es\/wp-json\/wp\/v2\/pages"}],"about":[{"href":"https:\/\/www.catherinelacoste.com\/es\/wp-json\/wp\/v2\/types\/page"}],"author":[{"embeddable":true,"href":"https:\/\/www.catherinelacoste.com\/es\/wp-json\/wp\/v2\/users\/2"}],"replies":[{"embeddable":true,"href":"https:\/\/www.catherinelacoste.com\/es\/wp-json\/wp\/v2\/comments?post=2456"}],"version-history":[{"count":10,"href":"https:\/\/www.catherinelacoste.com\/es\/wp-json\/wp\/v2\/pages\/2456\/revisions"}],"predecessor-version":[{"id":2624,"href":"https:\/\/www.catherinelacoste.com\/es\/wp-json\/wp\/v2\/pages\/2456\/revisions\/2624"}],"wp:attachment":[{"href":"https:\/\/www.catherinelacoste.com\/es\/wp-json\/wp\/v2\/media?parent=2456"}],"curies":[{"name":"wp","href":"https:\/\/api.w.org\/{rel}","templated":true}]}}