{"id":2129,"date":"2020-12-14T14:30:36","date_gmt":"2020-12-14T13:30:36","guid":{"rendered":"https:\/\/www.catherinelacoste.com\/?page_id=2129"},"modified":"2021-03-13T19:45:03","modified_gmt":"2021-03-13T18:45:03","slug":"enfance-2","status":"publish","type":"page","link":"https:\/\/www.catherinelacoste.com\/es\/enfance-2\/","title":{"rendered":"Infancia"},"content":{"rendered":"<div data-elementor-type=\"wp-page\" data-elementor-id=\"2129\" class=\"elementor elementor-2129\" data-elementor-post-type=\"page\">\n\t\t\t\t\t\t<section class=\"elementor-section elementor-top-section elementor-element elementor-element-57b245d elementor-section-boxed elementor-section-height-default elementor-section-height-default\" data-id=\"57b245d\" data-element_type=\"section\">\n\t\t\t\t\t\t<div class=\"elementor-container elementor-column-gap-default\">\n\t\t\t\t\t<div class=\"elementor-column elementor-col-33 elementor-top-column elementor-element elementor-element-2724728\" data-id=\"2724728\" data-element_type=\"column\">\n\t\t\t<div class=\"elementor-widget-wrap elementor-element-populated\">\n\t\t\t\t\t\t<div class=\"elementor-element elementor-element-8df4763 elementor-widget elementor-widget-image\" data-id=\"8df4763\" data-element_type=\"widget\" data-widget_type=\"image.default\">\n\t\t\t\t<div class=\"elementor-widget-container\">\n\t\t\t\t\t\t\t\t\t\t\t\t\t\t\t<img fetchpriority=\"high\" decoding=\"async\" width=\"786\" height=\"1024\" src=\"https:\/\/www.catherinelacoste.com\/wp-content\/uploads\/2020\/11\/91421092_10158774307648538_3913279977675554816_o-786x1024.jpg\" class=\"attachment-large size-large wp-image-1352\" alt=\"\" srcset=\"https:\/\/www.catherinelacoste.com\/wp-content\/uploads\/2020\/11\/91421092_10158774307648538_3913279977675554816_o-786x1024.jpg 786w, https:\/\/www.catherinelacoste.com\/wp-content\/uploads\/2020\/11\/91421092_10158774307648538_3913279977675554816_o-230x300.jpg 230w, https:\/\/www.catherinelacoste.com\/wp-content\/uploads\/2020\/11\/91421092_10158774307648538_3913279977675554816_o-768x1000.jpg 768w, https:\/\/www.catherinelacoste.com\/wp-content\/uploads\/2020\/11\/91421092_10158774307648538_3913279977675554816_o.jpg 935w\" sizes=\"(max-width: 786px) 100vw, 786px\" \/>\t\t\t\t\t\t\t\t\t\t\t\t\t\t\t<\/div>\n\t\t\t\t<\/div>\n\t\t\t\t<div class=\"elementor-element elementor-element-c26b129 elementor-widget elementor-widget-heading\" data-id=\"c26b129\" data-element_type=\"widget\" data-widget_type=\"heading.default\">\n\t\t\t\t<div class=\"elementor-widget-container\">\n\t\t\t\t\t<h4 class=\"elementor-heading-title elementor-size-default\">\u00a1Ya est\u00e1n en los b\u00fankeres!<\/h4>\t\t\t\t<\/div>\n\t\t\t\t<\/div>\n\t\t\t\t\t<\/div>\n\t\t<\/div>\n\t\t\t\t<div class=\"elementor-column elementor-col-33 elementor-top-column elementor-element elementor-element-46d640d\" data-id=\"46d640d\" data-element_type=\"column\">\n\t\t\t<div class=\"elementor-widget-wrap elementor-element-populated\">\n\t\t\t\t\t\t<div class=\"elementor-element elementor-element-8ac1462 elementor-widget elementor-widget-text-editor\" data-id=\"8ac1462\" data-element_type=\"widget\" data-widget_type=\"text-editor.default\">\n\t\t\t\t<div class=\"elementor-widget-container\">\n\t\t\t\t\t\t\t\t\t<p>\u00a0<\/p><h4>Nac\u00ed el 27 de junio de 1945 en el distrito 17 de Par\u00eds.<\/h4><h4>Soy hija de la campeona de golf Simone Thion de la Chaume y del campe\u00f3n de tenis.\u00a0<a title=\"Tennis\" href=\"https:\/\/fr.wikipedia.org\/wiki\/Tennis\">\u00a0<\/a>Ren\u00e9 Lacoste. Influido por el inter\u00e9s de mi familia por el deporte, empec\u00e9 a jugar al golf muy joven y recib\u00ed clases de Raymond Gara\u00efalde.<\/h4><h4 style=\"text-align: left;\">\u00a0<\/h4>\t\t\t\t\t\t\t\t<\/div>\n\t\t\t\t<\/div>\n\t\t\t\t\t<\/div>\n\t\t<\/div>\n\t\t\t\t<div class=\"elementor-column elementor-col-33 elementor-top-column elementor-element elementor-element-0688f75\" data-id=\"0688f75\" data-element_type=\"column\">\n\t\t\t<div class=\"elementor-widget-wrap elementor-element-populated\">\n\t\t\t\t\t\t<div class=\"elementor-element elementor-element-f73658a elementor-widget elementor-widget-image\" data-id=\"f73658a\" data-element_type=\"widget\" data-widget_type=\"image.default\">\n\t\t\t\t<div class=\"elementor-widget-container\">\n\t\t\t\t\t\t\t\t\t\t\t\t\t\t\t<img decoding=\"async\" width=\"609\" height=\"609\" src=\"https:\/\/www.catherinelacoste.com\/wp-content\/uploads\/2020\/11\/11412154_10154259927208538_8025237143302476074_n.jpg\" class=\"attachment-large size-large wp-image-1351\" alt=\"\" srcset=\"https:\/\/www.catherinelacoste.com\/wp-content\/uploads\/2020\/11\/11412154_10154259927208538_8025237143302476074_n.jpg 609w, https:\/\/www.catherinelacoste.com\/wp-content\/uploads\/2020\/11\/11412154_10154259927208538_8025237143302476074_n-300x300.jpg 300w, https:\/\/www.catherinelacoste.com\/wp-content\/uploads\/2020\/11\/11412154_10154259927208538_8025237143302476074_n-150x150.jpg 150w\" sizes=\"(max-width: 609px) 100vw, 609px\" \/>\t\t\t\t\t\t\t\t\t\t\t\t\t\t\t<\/div>\n\t\t\t\t<\/div>\n\t\t\t\t<div class=\"elementor-element elementor-element-c102f90 elementor-widget elementor-widget-heading\" data-id=\"c102f90\" data-element_type=\"widget\" data-widget_type=\"heading.default\">\n\t\t\t\t<div class=\"elementor-widget-container\">\n\t\t\t\t\t<h4 class=\"elementor-heading-title elementor-size-medium\">Con mi hermano mayor, Bernard.<\/h4>\t\t\t\t<\/div>\n\t\t\t\t<\/div>\n\t\t\t\t\t<\/div>\n\t\t<\/div>\n\t\t\t\t\t<\/div>\n\t\t<\/section>\n\t\t\t\t<section class=\"elementor-section elementor-top-section elementor-element elementor-element-ec3ef9a elementor-section-boxed elementor-section-height-default elementor-section-height-default\" data-id=\"ec3ef9a\" data-element_type=\"section\">\n\t\t\t\t\t\t<div class=\"elementor-container elementor-column-gap-default\">\n\t\t\t\t\t<div class=\"elementor-column elementor-col-50 elementor-top-column elementor-element elementor-element-b69ee55\" data-id=\"b69ee55\" data-element_type=\"column\">\n\t\t\t<div class=\"elementor-widget-wrap elementor-element-populated\">\n\t\t\t\t\t\t<div class=\"elementor-element elementor-element-700a84e elementor-widget elementor-widget-image\" data-id=\"700a84e\" data-element_type=\"widget\" data-widget_type=\"image.default\">\n\t\t\t\t<div class=\"elementor-widget-container\">\n\t\t\t\t\t\t\t\t\t\t\t\t\t\t\t<img decoding=\"async\" width=\"762\" height=\"1024\" src=\"https:\/\/www.catherinelacoste.com\/wp-content\/uploads\/2020\/12\/PAPA-CL-ENFANT-WEB-762x1024.jpg\" class=\"attachment-large size-large wp-image-2220\" alt=\"\" srcset=\"https:\/\/www.catherinelacoste.com\/wp-content\/uploads\/2020\/12\/PAPA-CL-ENFANT-WEB-762x1024.jpg 762w, https:\/\/www.catherinelacoste.com\/wp-content\/uploads\/2020\/12\/PAPA-CL-ENFANT-WEB-223x300.jpg 223w, https:\/\/www.catherinelacoste.com\/wp-content\/uploads\/2020\/12\/PAPA-CL-ENFANT-WEB-768x1032.jpg 768w, https:\/\/www.catherinelacoste.com\/wp-content\/uploads\/2020\/12\/PAPA-CL-ENFANT-WEB-1143x1536.jpg 1143w, https:\/\/www.catherinelacoste.com\/wp-content\/uploads\/2020\/12\/PAPA-CL-ENFANT-WEB-1524x2048.jpg 1524w, https:\/\/www.catherinelacoste.com\/wp-content\/uploads\/2020\/12\/PAPA-CL-ENFANT-WEB-9x12.jpg 9w, https:\/\/www.catherinelacoste.com\/wp-content\/uploads\/2020\/12\/PAPA-CL-ENFANT-WEB.jpg 1716w\" sizes=\"(max-width: 762px) 100vw, 762px\" \/>\t\t\t\t\t\t\t\t\t\t\t\t\t\t\t<\/div>\n\t\t\t\t<\/div>\n\t\t\t\t\t<\/div>\n\t\t<\/div>\n\t\t\t\t<div class=\"elementor-column elementor-col-50 elementor-top-column elementor-element elementor-element-663dbda\" data-id=\"663dbda\" data-element_type=\"column\">\n\t\t\t<div class=\"elementor-widget-wrap elementor-element-populated\">\n\t\t\t\t\t\t<div class=\"elementor-element elementor-element-a31e651 elementor-widget elementor-widget-image\" data-id=\"a31e651\" data-element_type=\"widget\" data-widget_type=\"image.default\">\n\t\t\t\t<div class=\"elementor-widget-container\">\n\t\t\t\t\t\t\t\t\t\t\t\t\t\t\t<img loading=\"lazy\" decoding=\"async\" width=\"811\" height=\"1024\" src=\"https:\/\/www.catherinelacoste.com\/wp-content\/uploads\/2021\/01\/GOLF-SOUVENIR0002-811x1024.jpg\" class=\"attachment-large size-large wp-image-3082\" alt=\"\" srcset=\"https:\/\/www.catherinelacoste.com\/wp-content\/uploads\/2021\/01\/GOLF-SOUVENIR0002-811x1024.jpg 811w, https:\/\/www.catherinelacoste.com\/wp-content\/uploads\/2021\/01\/GOLF-SOUVENIR0002-238x300.jpg 238w, https:\/\/www.catherinelacoste.com\/wp-content\/uploads\/2021\/01\/GOLF-SOUVENIR0002-768x970.jpg 768w, https:\/\/www.catherinelacoste.com\/wp-content\/uploads\/2021\/01\/GOLF-SOUVENIR0002-1216x1536.jpg 1216w, https:\/\/www.catherinelacoste.com\/wp-content\/uploads\/2021\/01\/GOLF-SOUVENIR0002-1622x2048.jpg 1622w, https:\/\/www.catherinelacoste.com\/wp-content\/uploads\/2021\/01\/GOLF-SOUVENIR0002-10x12.jpg 10w, https:\/\/www.catherinelacoste.com\/wp-content\/uploads\/2021\/01\/GOLF-SOUVENIR0002-scaled.jpg 2027w\" sizes=\"(max-width: 811px) 100vw, 811px\" \/>\t\t\t\t\t\t\t\t\t\t\t\t\t\t\t<\/div>\n\t\t\t\t<\/div>\n\t\t\t\t\t<\/div>\n\t\t<\/div>\n\t\t\t\t\t<\/div>\n\t\t<\/section>\n\t\t\t\t<section class=\"elementor-section elementor-top-section elementor-element elementor-element-bff3bf9 elementor-section-boxed elementor-section-height-default elementor-section-height-default\" data-id=\"bff3bf9\" data-element_type=\"section\">\n\t\t\t\t\t\t<div class=\"elementor-container elementor-column-gap-default\">\n\t\t\t\t\t<div class=\"elementor-column elementor-col-33 elementor-top-column elementor-element elementor-element-e00d787\" data-id=\"e00d787\" data-element_type=\"column\">\n\t\t\t<div class=\"elementor-widget-wrap elementor-element-populated\">\n\t\t\t\t\t\t<div class=\"elementor-element elementor-element-00cef6a elementor-widget elementor-widget-image\" data-id=\"00cef6a\" data-element_type=\"widget\" data-widget_type=\"image.default\">\n\t\t\t\t<div class=\"elementor-widget-container\">\n\t\t\t\t\t\t\t\t\t\t\t\t\t\t\t<img loading=\"lazy\" decoding=\"async\" width=\"935\" height=\"1024\" src=\"https:\/\/www.catherinelacoste.com\/wp-content\/uploads\/2021\/01\/GOLF-SOUVENIR0001-935x1024.jpg\" class=\"attachment-large size-large wp-image-3081\" alt=\"\" srcset=\"https:\/\/www.catherinelacoste.com\/wp-content\/uploads\/2021\/01\/GOLF-SOUVENIR0001-935x1024.jpg 935w, https:\/\/www.catherinelacoste.com\/wp-content\/uploads\/2021\/01\/GOLF-SOUVENIR0001-274x300.jpg 274w, https:\/\/www.catherinelacoste.com\/wp-content\/uploads\/2021\/01\/GOLF-SOUVENIR0001-768x841.jpg 768w, https:\/\/www.catherinelacoste.com\/wp-content\/uploads\/2021\/01\/GOLF-SOUVENIR0001-11x12.jpg 11w, https:\/\/www.catherinelacoste.com\/wp-content\/uploads\/2021\/01\/GOLF-SOUVENIR0001.jpg 945w\" sizes=\"(max-width: 935px) 100vw, 935px\" \/>\t\t\t\t\t\t\t\t\t\t\t\t\t\t\t<\/div>\n\t\t\t\t<\/div>\n\t\t\t\t\t<\/div>\n\t\t<\/div>\n\t\t\t\t<div class=\"elementor-column elementor-col-33 elementor-top-column elementor-element elementor-element-c31da53\" data-id=\"c31da53\" data-element_type=\"column\">\n\t\t\t<div class=\"elementor-widget-wrap elementor-element-populated\">\n\t\t\t\t\t\t<div class=\"elementor-element elementor-element-751b046 elementor-widget elementor-widget-image\" data-id=\"751b046\" data-element_type=\"widget\" data-widget_type=\"image.default\">\n\t\t\t\t<div class=\"elementor-widget-container\">\n\t\t\t\t\t\t\t\t\t\t\t\t\t\t\t<img loading=\"lazy\" decoding=\"async\" width=\"977\" height=\"1019\" src=\"https:\/\/www.catherinelacoste.com\/wp-content\/uploads\/2020\/10\/RLCL-ENFANT235.jpg\" class=\"attachment-large size-large wp-image-530\" alt=\"\" srcset=\"https:\/\/www.catherinelacoste.com\/wp-content\/uploads\/2020\/10\/RLCL-ENFANT235.jpg 977w, https:\/\/www.catherinelacoste.com\/wp-content\/uploads\/2020\/10\/RLCL-ENFANT235-288x300.jpg 288w, https:\/\/www.catherinelacoste.com\/wp-content\/uploads\/2020\/10\/RLCL-ENFANT235-768x801.jpg 768w\" sizes=\"(max-width: 977px) 100vw, 977px\" \/>\t\t\t\t\t\t\t\t\t\t\t\t\t\t\t<\/div>\n\t\t\t\t<\/div>\n\t\t\t\t\t<\/div>\n\t\t<\/div>\n\t\t\t\t<div class=\"elementor-column elementor-col-33 elementor-top-column elementor-element elementor-element-04dc92d\" data-id=\"04dc92d\" data-element_type=\"column\">\n\t\t\t<div class=\"elementor-widget-wrap elementor-element-populated\">\n\t\t\t\t\t\t<div class=\"elementor-element elementor-element-fcd7c75 elementor-widget elementor-widget-image\" data-id=\"fcd7c75\" data-element_type=\"widget\" data-widget_type=\"image.default\">\n\t\t\t\t<div class=\"elementor-widget-container\">\n\t\t\t\t\t\t\t\t\t\t\t\t\t\t\t<img loading=\"lazy\" decoding=\"async\" width=\"599\" height=\"615\" src=\"https:\/\/www.catherinelacoste.com\/wp-content\/uploads\/2021\/03\/XX20001.jpg\" class=\"attachment-large size-large wp-image-6531\" alt=\"\" srcset=\"https:\/\/www.catherinelacoste.com\/wp-content\/uploads\/2021\/03\/XX20001.jpg 599w, https:\/\/www.catherinelacoste.com\/wp-content\/uploads\/2021\/03\/XX20001-292x300.jpg 292w, https:\/\/www.catherinelacoste.com\/wp-content\/uploads\/2021\/03\/XX20001-12x12.jpg 12w\" sizes=\"(max-width: 599px) 100vw, 599px\" \/>\t\t\t\t\t\t\t\t\t\t\t\t\t\t\t<\/div>\n\t\t\t\t<\/div>\n\t\t\t\t\t<\/div>\n\t\t<\/div>\n\t\t\t\t\t<\/div>\n\t\t<\/section>\n\t\t\t\t<section class=\"elementor-section elementor-top-section elementor-element elementor-element-ca05295 elementor-section-boxed elementor-section-height-default elementor-section-height-default\" data-id=\"ca05295\" data-element_type=\"section\">\n\t\t\t\t\t\t<div class=\"elementor-container elementor-column-gap-default\">\n\t\t\t\t\t<div class=\"elementor-column elementor-col-100 elementor-top-column elementor-element elementor-element-c700aef\" data-id=\"c700aef\" data-element_type=\"column\">\n\t\t\t<div class=\"elementor-widget-wrap elementor-element-populated\">\n\t\t\t\t\t\t<div class=\"elementor-element elementor-element-ef506fc elementor-widget elementor-widget-heading\" data-id=\"ef506fc\" data-element_type=\"widget\" data-widget_type=\"heading.default\">\n\t\t\t\t<div class=\"elementor-widget-container\">\n\t\t\t\t\t<h4 class=\"elementor-heading-title elementor-size-default\">Durante un greensome juvenil en Chantaco,\n\u00a1jugando con pap\u00e1 como compa\u00f1ero!<\/h4>\t\t\t\t<\/div>\n\t\t\t\t<\/div>\n\t\t\t\t\t<\/div>\n\t\t<\/div>\n\t\t\t\t\t<\/div>\n\t\t<\/section>\n\t\t\t\t<\/div>","protected":false},"excerpt":{"rendered":"<p>D\u00e9j\u00e0 dans les bunkers! \u00a0 Je suis n\u00e9e le 27 Juin 1945\u00a0dans le 17\u00e8me arrondissement de Paris\u00a0. Je suis la fille de la championne de golf\u00a0Simone Thion de la Chaume\u00a0, et du champion de Tennis\u00a0\u00a0fran\u00e7ais\u00a0Ren\u00e9 Lacoste. Influenc\u00e9e par l&rsquo;int\u00e9r\u00eat familial pour le sport, je commence \u00e0 pratiquer le golf jeune, et je re\u00e7ois notamment l&rsquo;enseignement [&hellip;]<\/p>\n","protected":false},"author":2,"featured_media":0,"parent":0,"menu_order":0,"comment_status":"closed","ping_status":"closed","template":"","meta":{"_monsterinsights_skip_tracking":false,"_monsterinsights_sitenote_active":false,"_monsterinsights_sitenote_note":"","_monsterinsights_sitenote_category":0,"ocean_post_layout":"","ocean_both_sidebars_style":"","ocean_both_sidebars_content_width":0,"ocean_both_sidebars_sidebars_width":0,"ocean_sidebar":"0","ocean_second_sidebar":"0","ocean_disable_margins":"enable","ocean_add_body_class":"","ocean_shortcode_before_top_bar":"","ocean_shortcode_after_top_bar":"","ocean_shortcode_before_header":"","ocean_shortcode_after_header":"","ocean_has_shortcode":"","ocean_shortcode_after_title":"","ocean_shortcode_before_footer_widgets":"","ocean_shortcode_after_footer_widgets":"","ocean_shortcode_before_footer_bottom":"","ocean_shortcode_after_footer_bottom":"","ocean_display_top_bar":"default","ocean_display_header":"default","ocean_header_style":"","ocean_center_header_left_menu":"0","ocean_custom_header_template":"0","ocean_custom_logo":0,"ocean_custom_retina_logo":0,"ocean_custom_logo_max_width":0,"ocean_custom_logo_tablet_max_width":0,"ocean_custom_logo_mobile_max_width":0,"ocean_custom_logo_max_height":0,"ocean_custom_logo_tablet_max_height":0,"ocean_custom_logo_mobile_max_height":0,"ocean_header_custom_menu":"0","ocean_menu_typo_font_family":"0","ocean_menu_typo_font_subset":"","ocean_menu_typo_font_size":0,"ocean_menu_typo_font_size_tablet":0,"ocean_menu_typo_font_size_mobile":0,"ocean_menu_typo_font_size_unit":"px","ocean_menu_typo_font_weight":"","ocean_menu_typo_font_weight_tablet":"","ocean_menu_typo_font_weight_mobile":"","ocean_menu_typo_transform":"","ocean_menu_typo_transform_tablet":"","ocean_menu_typo_transform_mobile":"","ocean_menu_typo_line_height":0,"ocean_menu_typo_line_height_tablet":0,"ocean_menu_typo_line_height_mobile":0,"ocean_menu_typo_line_height_unit":"","ocean_menu_typo_spacing":0,"ocean_menu_typo_spacing_tablet":0,"ocean_menu_typo_spacing_mobile":0,"ocean_menu_typo_spacing_unit":"","ocean_menu_link_color":"","ocean_menu_link_color_hover":"","ocean_menu_link_color_active":"","ocean_menu_link_background":"","ocean_menu_link_hover_background":"","ocean_menu_link_active_background":"","ocean_menu_social_links_bg":"","ocean_menu_social_hover_links_bg":"","ocean_menu_social_links_color":"","ocean_menu_social_hover_links_color":"","ocean_disable_title":"default","ocean_disable_heading":"default","ocean_post_title":"","ocean_post_subheading":"","ocean_post_title_style":"","ocean_post_title_background_color":"","ocean_post_title_background":0,"ocean_post_title_bg_image_position":"","ocean_post_title_bg_image_attachment":"","ocean_post_title_bg_image_repeat":"","ocean_post_title_bg_image_size":"","ocean_post_title_height":0,"ocean_post_title_bg_overlay":0.5,"ocean_post_title_bg_overlay_color":"","ocean_disable_breadcrumbs":"default","ocean_breadcrumbs_color":"","ocean_breadcrumbs_separator_color":"","ocean_breadcrumbs_links_color":"","ocean_breadcrumbs_links_hover_color":"","ocean_display_footer_widgets":"default","ocean_display_footer_bottom":"default","ocean_custom_footer_template":"0","footnotes":""},"class_list":["post-2129","page","type-page","status-publish","hentry","entry"],"_links":{"self":[{"href":"https:\/\/www.catherinelacoste.com\/es\/wp-json\/wp\/v2\/pages\/2129","targetHints":{"allow":["GET"]}}],"collection":[{"href":"https:\/\/www.catherinelacoste.com\/es\/wp-json\/wp\/v2\/pages"}],"about":[{"href":"https:\/\/www.catherinelacoste.com\/es\/wp-json\/wp\/v2\/types\/page"}],"author":[{"embeddable":true,"href":"https:\/\/www.catherinelacoste.com\/es\/wp-json\/wp\/v2\/users\/2"}],"replies":[{"embeddable":true,"href":"https:\/\/www.catherinelacoste.com\/es\/wp-json\/wp\/v2\/comments?post=2129"}],"version-history":[{"count":49,"href":"https:\/\/www.catherinelacoste.com\/es\/wp-json\/wp\/v2\/pages\/2129\/revisions"}],"predecessor-version":[{"id":6540,"href":"https:\/\/www.catherinelacoste.com\/es\/wp-json\/wp\/v2\/pages\/2129\/revisions\/6540"}],"wp:attachment":[{"href":"https:\/\/www.catherinelacoste.com\/es\/wp-json\/wp\/v2\/media?parent=2129"}],"curies":[{"name":"wp","href":"https:\/\/api.w.org\/{rel}","templated":true}]}}