{"id":21,"date":"2020-09-30T11:44:11","date_gmt":"2020-09-30T09:44:11","guid":{"rendered":"https:\/\/www.catherinelacoste.com\/?page_id=21"},"modified":"2021-01-21T19:51:31","modified_gmt":"2021-01-21T18:51:31","slug":"formations","status":"publish","type":"page","link":"https:\/\/www.catherinelacoste.com\/es\/formations\/","title":{"rendered":"Mis inicios"},"content":{"rendered":"<div data-elementor-type=\"wp-page\" data-elementor-id=\"21\" class=\"elementor elementor-21\" data-elementor-post-type=\"page\">\n\t\t\t\t\t\t<section class=\"elementor-section elementor-top-section elementor-element elementor-element-3136b82 elementor-section-boxed elementor-section-height-default elementor-section-height-default\" data-id=\"3136b82\" data-element_type=\"section\">\n\t\t\t\t\t\t<div class=\"elementor-container elementor-column-gap-default\">\n\t\t\t\t\t<div class=\"elementor-column elementor-col-100 elementor-top-column elementor-element elementor-element-1bc964a\" data-id=\"1bc964a\" data-element_type=\"column\">\n\t\t\t<div class=\"elementor-widget-wrap elementor-element-populated\">\n\t\t\t\t\t\t<div class=\"elementor-element elementor-element-4e345ac elementor-widget elementor-widget-text-editor\" data-id=\"4e345ac\" data-element_type=\"widget\" data-widget_type=\"text-editor.default\">\n\t\t\t\t<div class=\"elementor-widget-container\">\n\t\t\t\t\t\t\t\t\t<h4>Para m\u00ed, mam\u00e1 fue una maravillosa compa\u00f1era de golf, ya que lo organizaba todo, con una sonrisa; conoc\u00eda a todo el mundo del golf y era admirada y respetada por todos con su amabilidad, su clase de gran dama y de gran campeona. Segu\u00eda todos los partidos con pasi\u00f3n y apenas hac\u00eda comentarios sobre mi juego, algo que dej\u00f3 en manos de mi padre, el gran t\u00e9cnico del golf y tambi\u00e9n del tenis (estudiaba con pasi\u00f3n los libros de Ben Hogan y Horton Smith para el putt).<\/h4>\t\t\t\t\t\t\t\t<\/div>\n\t\t\t\t<\/div>\n\t\t\t\t\t<\/div>\n\t\t<\/div>\n\t\t\t\t\t<\/div>\n\t\t<\/section>\n\t\t\t\t<section class=\"elementor-section elementor-top-section elementor-element elementor-element-8c612de elementor-section-boxed elementor-section-height-default elementor-section-height-default\" data-id=\"8c612de\" data-element_type=\"section\">\n\t\t\t\t\t\t<div class=\"elementor-container elementor-column-gap-default\">\n\t\t\t\t\t<div class=\"elementor-column elementor-col-100 elementor-top-column elementor-element elementor-element-01aaca4\" data-id=\"01aaca4\" data-element_type=\"column\">\n\t\t\t<div class=\"elementor-widget-wrap elementor-element-populated\">\n\t\t\t\t\t\t<div class=\"elementor-element elementor-element-5c52e0b elementor-widget elementor-widget-image\" data-id=\"5c52e0b\" data-element_type=\"widget\" data-widget_type=\"image.default\">\n\t\t\t\t<div class=\"elementor-widget-container\">\n\t\t\t\t\t\t\t\t\t\t\t\t\t\t\t<img fetchpriority=\"high\" decoding=\"async\" width=\"1024\" height=\"664\" src=\"https:\/\/www.catherinelacoste.com\/wp-content\/uploads\/2020\/12\/GOLF-CL-3-2009037-1-1-1024x664.jpg\" class=\"attachment-large size-large wp-image-2149\" alt=\"\" srcset=\"https:\/\/www.catherinelacoste.com\/wp-content\/uploads\/2020\/12\/GOLF-CL-3-2009037-1-1-1024x664.jpg 1024w, https:\/\/www.catherinelacoste.com\/wp-content\/uploads\/2020\/12\/GOLF-CL-3-2009037-1-1-300x195.jpg 300w, https:\/\/www.catherinelacoste.com\/wp-content\/uploads\/2020\/12\/GOLF-CL-3-2009037-1-1-768x498.jpg 768w, https:\/\/www.catherinelacoste.com\/wp-content\/uploads\/2020\/12\/GOLF-CL-3-2009037-1-1-1536x997.jpg 1536w, https:\/\/www.catherinelacoste.com\/wp-content\/uploads\/2020\/12\/GOLF-CL-3-2009037-1-1-2048x1329.jpg 2048w, https:\/\/www.catherinelacoste.com\/wp-content\/uploads\/2020\/12\/GOLF-CL-3-2009037-1-1-16x10.jpg 16w\" sizes=\"(max-width: 1024px) 100vw, 1024px\" \/>\t\t\t\t\t\t\t\t\t\t\t\t\t\t\t<\/div>\n\t\t\t\t<\/div>\n\t\t\t\t\t<\/div>\n\t\t<\/div>\n\t\t\t\t\t<\/div>\n\t\t<\/section>\n\t\t\t\t<section class=\"elementor-section elementor-top-section elementor-element elementor-element-88448be elementor-section-boxed elementor-section-height-default elementor-section-height-default\" data-id=\"88448be\" data-element_type=\"section\">\n\t\t\t\t\t\t<div class=\"elementor-container elementor-column-gap-default\">\n\t\t\t\t\t<div class=\"elementor-column elementor-col-100 elementor-top-column elementor-element elementor-element-5669d38\" data-id=\"5669d38\" data-element_type=\"column\">\n\t\t\t<div class=\"elementor-widget-wrap elementor-element-populated\">\n\t\t\t\t\t\t<div class=\"elementor-element elementor-element-b404754 elementor-widget elementor-widget-text-editor\" data-id=\"b404754\" data-element_type=\"widget\" data-widget_type=\"text-editor.default\">\n\t\t\t\t<div class=\"elementor-widget-container\">\n\t\t\t\t\t\t\t\t\t<h4>No puedo decir exactamente qu\u00e9 edad ten\u00eda cuando empec\u00e9, porque creo que en cuanto tuve fuerzas para sostener un palo, la gente que me rodeaba en Chantaco debi\u00f3 de intentar que jugara.  Mis primeros recuerdos concretos del golf son las clases con Raymond Gara\u00efalde cuando ten\u00eda unos 8 a\u00f1os. Sol\u00eda felicitarme cuando llegaba al primer b\u00fanker del 1 en Chantaco, porque en aquella \u00e9poca daba sus clases en un tee entre el 1 y el 9, bajo una acacia que fue derribada y sustituida por los actuales pinos pi\u00f1oneros.<\/h4><h4>\u00a0<\/h4><h4>C&rsquo;\u00e9tait \u00e0 une \u00e9poque o\u00f9 venaient \u00e0 Chantaco les fr\u00e8res Frayssineau, Jacques Mourgue d&rsquo;Algue, France Boulard.\u00a0 Nous faisions des 4 balles m\u00e9morables puis terminions les apr\u00e8s-midi avec des parties de croquet au coin des enfants avec des \u00e9clats de rire et discussions chaudes et amicales.<\/h4><h4>\u00a0\u00a0\u00a0\u00a0\u00a0\u00a0\u00a0\u00a0<\/h4><h4>Tambi\u00e9n tuve la suerte de contar con mis dos hermanos mayores, Bernard y Fran\u00e7ois, ambos grandes golfistas aunque muy ocupados con sus estudios.  Me hac\u00edan jugar de vez en cuando con sus amigos, como Ga\u00e9tan Mourgue d'Algue, Michel y Jean Gara\u00efalde y muchos otros que ven\u00edan a Chantaco.  Tambi\u00e9n, en aquella \u00e9poca, jugu\u00e9 con los caddies de Chantaco que se convirtieron en grandes nombres del golf franc\u00e9s como Bernard Pascassio, Raymond Telleria, Dominique y Jean-Michel Larretche, Jean Delgado.  Tuve mucha suerte de tener su edad, porque entrenar con ellos, jugar en los palcos de atr\u00e1s (profesionales), jugar partidos duros y eso fue sin duda una gran ayuda para m\u00ed. Adem\u00e1s de ense\u00f1arme mucho sobre golf, se convirtieron en amigos muy \u00edntimos.<\/h4><h4>\u00a0\u00a0\u00a0\u00a0\u00a0\u00a0\u00a0\u00a0<\/h4><h4>Poco a poco, sin casi darme cuenta, fui bajando mi h\u00e1ndicap, siempre en verano, ya que no toqu\u00e9 un palo de golf en Par\u00eds hasta los 16 a\u00f1os.  En las competiciones infantiles desesperaba a mam\u00e1 porque, como buena presidenta y no queriendo darme ventaja, me daba un h\u00e1ndicap correspondiente a la puntuaci\u00f3n m\u00e1s baja que hab\u00eda conseguido anteriormente y, varias veces, estimulada por mi temperamento ganador, \u00a1llegaba con algunos puntos m\u00e1s de menos!<\/h4><h4>\u00a0\u00a0\u00a0\u00a0\u00a0\u00a0\u00a0\u00a0<\/h4><h4>Uno de mis primeros recuerdos de golf fue, cuando ten\u00eda unos 8 a\u00f1os, en un greensome juvenil (en el que participan un menor de 16 a\u00f1os y un mayor de 15).  Jugaba con pap\u00e1, que deb\u00eda de tener un h\u00e1ndicap 6, y al llegar al 18 nos dijeron que, para ganar, ten\u00eda que hacer un approach desde unos 40 \u00f3 50 metros a la derecha del green por encima de un b\u00fanker y, para mi sorpresa y deleite, lo hizo.  Durante mucho tiempo pens\u00e9 que pap\u00e1 jugaba mejor que nadie y tambi\u00e9n sab\u00eda que nada era imposible.  Fue una noci\u00f3n que mi padre me transmiti\u00f3 a menudo a lo largo de mi vida y de mi carrera deportiva en particular.<\/h4><h4>\u00a0\u00a0\u00a0\u00a0\u00a0\u00a0\u00a0\u00a0<\/h4><h4>\u00a0<\/h4>\t\t\t\t\t\t\t\t<\/div>\n\t\t\t\t<\/div>\n\t\t\t\t\t<\/div>\n\t\t<\/div>\n\t\t\t\t\t<\/div>\n\t\t<\/section>\n\t\t\t\t<section class=\"elementor-section elementor-top-section elementor-element elementor-element-53d110f elementor-section-boxed elementor-section-height-default elementor-section-height-default\" data-id=\"53d110f\" data-element_type=\"section\">\n\t\t\t\t\t\t<div class=\"elementor-container elementor-column-gap-default\">\n\t\t\t\t\t<div class=\"elementor-column elementor-col-100 elementor-top-column elementor-element elementor-element-1522c8c\" data-id=\"1522c8c\" data-element_type=\"column\">\n\t\t\t<div class=\"elementor-widget-wrap elementor-element-populated\">\n\t\t\t\t\t\t<div class=\"elementor-element elementor-element-aed909d elementor-widget elementor-widget-image\" data-id=\"aed909d\" data-element_type=\"widget\" data-widget_type=\"image.default\">\n\t\t\t\t<div class=\"elementor-widget-container\">\n\t\t\t\t\t\t\t\t\t\t\t\t\t\t\t<img decoding=\"async\" width=\"977\" height=\"1019\" src=\"https:\/\/www.catherinelacoste.com\/wp-content\/uploads\/2020\/10\/RLCL-ENFANT235.jpg\" class=\"attachment-large size-large wp-image-530\" alt=\"\" srcset=\"https:\/\/www.catherinelacoste.com\/wp-content\/uploads\/2020\/10\/RLCL-ENFANT235.jpg 977w, https:\/\/www.catherinelacoste.com\/wp-content\/uploads\/2020\/10\/RLCL-ENFANT235-288x300.jpg 288w, https:\/\/www.catherinelacoste.com\/wp-content\/uploads\/2020\/10\/RLCL-ENFANT235-768x801.jpg 768w\" sizes=\"(max-width: 977px) 100vw, 977px\" \/>\t\t\t\t\t\t\t\t\t\t\t\t\t\t\t<\/div>\n\t\t\t\t<\/div>\n\t\t\t\t\t<\/div>\n\t\t<\/div>\n\t\t\t\t\t<\/div>\n\t\t<\/section>\n\t\t\t\t<section class=\"elementor-section elementor-top-section elementor-element elementor-element-129d1e2 elementor-section-boxed elementor-section-height-default elementor-section-height-default\" data-id=\"129d1e2\" data-element_type=\"section\">\n\t\t\t\t\t\t<div class=\"elementor-container elementor-column-gap-default\">\n\t\t\t\t\t<div class=\"elementor-column elementor-col-100 elementor-top-column elementor-element elementor-element-37a52f0\" data-id=\"37a52f0\" data-element_type=\"column\">\n\t\t\t<div class=\"elementor-widget-wrap elementor-element-populated\">\n\t\t\t\t\t\t<div class=\"elementor-element elementor-element-aaf9a83 elementor-widget elementor-widget-text-editor\" data-id=\"aaf9a83\" data-element_type=\"widget\" data-widget_type=\"text-editor.default\">\n\t\t\t\t<div class=\"elementor-widget-container\">\n\t\t\t\t\t\t\t\t\t<h4>Sin dec\u00edrmelo, cuando part\u00ed para el US Open de 1967, \u00a1me hizo comprender y creer que no era imposible ganar!<\/h4><h4>\u00a0\u00a0\u00a0\u00a0\u00a0\u00a0\u00a0\u00a0<\/h4><h4>Otro recuerdo concreto de mi infancia golf\u00edstica fue la primera Alianza de Saint Jean-de-Luz que jugu\u00e9 con Jean Gara\u00efalde.  \"Jeannot\", como le llam\u00e1bamos todos entonces, seguramente animado por su padre que era mi profesor, tuvo la amabilidad de dejarme jugar esta f\u00f3rmula tan divertida y enriquecedora, que jugu\u00e9 con \u00e9l durante varios a\u00f1os, de un foursome seguido de un four-ball con un pro.  Lamento esta f\u00f3rmula comparada con el Pro-Am, en el que puedes jugar 18 hoyos, ganar la competici\u00f3n \u00a1y no haberte tra\u00eddo ni un solo punto!  Ese a\u00f1o en particular, el tiempo era cl\u00e1sico en el Pa\u00eds Vasco, lo que significa que siempre estamos rodeados de verde, y llovi\u00f3 mucho.  Jugu\u00e9 con botas grandes y gracias a la paciencia de Jeannot ganamos la Alianza. Me dio el putter con el que he jugado toda mi vida y por eso gan\u00e9 todos mis campeonatos excepto uno en el que los greenes eran muy lentos y para el que utilic\u00e9 un putter m\u00e1s pesado. Creo que esto es algo muy raro en el mundo del golf de alto nivel, donde los jugadores cambian de putter seg\u00fan su forma o su deseo.<\/h4><h4>\u00a0\u00a0\u00a0\u00a0\u00a0\u00a0\u00a0\u00a0<\/h4><h4>Tambi\u00e9n el Prix de la Maison des Basques, que jugu\u00e9 con Beatrice Boulard y en el que ganamos un vestido de Balenciaga y yo una bolsa de golf m\u00e1s grande que yo.  Ese a\u00f1o mi h\u00e1ndicap pas\u00f3 de 24 a 20.  Kiki, de quien hablar\u00e9 en el pr\u00f3ximo p\u00e1rrafo, a\u00fan recuerda, porque por supuesto hizo de caddie para m\u00ed, un segundo golpe en el cinco desde el punto que domina el valle, con una madera cinco, que me llev\u00f3 justo al green, pero tambi\u00e9n un dram\u00e1tico cuatro putt en el 17 en el que \u00a1casi se arranca los pocos pelos que afortunadamente escond\u00eda bajo su boina!<\/h4><h4>\u00a0\u00a0\u00a0\u00a0\u00a0\u00a0\u00a0\u00a0<\/h4><h4>Concretamente en estas tres competiciones, pero tambi\u00e9n en general, la presencia de Kiki Larretche me ayud\u00f3 m\u00e1s de lo que nadie, incluido yo mismo, podr\u00eda darse cuenta porque, despu\u00e9s de haberme hecho, al principio, de caddie a petici\u00f3n de pap\u00e1 cuando yo jugaba peque\u00f1as competiciones de ni\u00f1o, luego me hizo jugar muy joven en partidos los domingos por la ma\u00f1ana con todos los jugadores tan buenos de la regi\u00f3n. \u00cdbamos a misa a las 8 de la ma\u00f1ana y nos \u00edbamos directamente al campo de golf. \u00c9l mismo ten\u00eda un h\u00e1ndicap 3 y me ense\u00f1\u00f3 todos los trucos del juego en el campo, como todas las formas de acercarse, de salir del bosque, de ver las pendientes, es decir, el sentido del juego, mientras que Raymond Gara\u00efalde me ense\u00f1aba la t\u00e9cnica in situ con la mirada siempre vigilante de pap\u00e1, que a menudo pon\u00eda su grano de sal por detr\u00e1s.  Luego, cuando me entren\u00e9 con Jean-Claude Harismendy, que me hered\u00f3 como alumno, tras la muerte de Raymond, sab\u00eda que pap\u00e1 no pod\u00eda resistirse a intervenir de vez en cuando.  Ven\u00eda a ver un drive o una plancha si hac\u00eda buen tiempo, \u00a1y yo me enteraba durante d\u00edas o semanas!  Segu\u00eda creyendo, con su amor paternal, que yo pod\u00eda jugar igual a los 50 que a los 20, y casi se enfadaba conmigo porque no pod\u00eda hacerlo o, seg\u00fan \u00e9l, \u00a1no quer\u00eda hacerlo!  Ah, \u00a1mi querido cocodrilo de padre!  Adem\u00e1s, las llamadas telef\u00f3nicas a Jean-Claude, ese profesor amable y eficaz, tambi\u00e9n se refer\u00edan de vez en cuando a mis hijos.  Despu\u00e9s de haber deseado tanto un hijo campe\u00f3n, \u00a1por supuesto que era un sue\u00f1o para \u00e9l imaginar un nieto campe\u00f3n o un bisnieto campe\u00f3n!  Pero, \u00bfla sangre hace al campe\u00f3n? Es una pregunta que intentar\u00e9 responder m\u00e1s adelante en este libro sin pretender, por supuesto, responderla.\u00a0<\/h4><h4>\u00a0<\/h4><h4>Pero volvamos a mis comienzos; Raymond Gara\u00efalde siempre supo simplificar sus consejos m\u00e1s que pap\u00e1, y pap\u00e1 tuvo la inteligencia de dej\u00e1rselo. Volviendo a Kiki Larretche, este gran campe\u00f3n de rugby, no lo olvidemos, sigui\u00f3 mi carrera de golfista con su ayuda medio paternal, medio amistosa y la coronaci\u00f3n de esta estrecha asociaci\u00f3n fue el primer Campeonato del Mundo en el que \"subi\u00f3\" a Par\u00eds con su mujer Victorine para hacerme de caddie y ayudarme con su frialdad, sus consejos golf\u00edsticos, su experiencia de campe\u00f3n y su amistad a participar en esta victoria de Francia que nunca pudo repetirse.  Lo utiliz\u00f3 como forro para una flamante boina vasca, comprada para la ocasi\u00f3n, \u00a1d\u00e1ndole vueltas una y otra vez!  Fue una alegr\u00eda durante mucho tiempo ver su gran sonrisa cuando lleg\u00f3 al campo de golf de Chantaco.  Creo que muchos golfistas sienten lo mismo que yo porque, despu\u00e9s de su carrera como jugador de rugby y luego como mec\u00e1nico, lleg\u00f3 a Chantaco como caddie-master ayudando con su conocimiento de las m\u00e1quinas que funcionaban en el campo de golf. Tambi\u00e9n estaba siempre a mano para ayudar a mi padre a colocar un palo de golf nuevo.  Estoy seguro de que mi padre estar\u00eda de acuerdo en que sin \u00e9l nunca habr\u00eda podido desarrollar el palo de poliuretano que fue tan extraordinario.  Yo personalmente lo prob\u00e9 en todas sus fases, pero tambi\u00e9n lo hicieron Olazabal, Faldo, Sandrine Mendiburu y muchos otros profesionales y amateurs que lo probaron bajo la atenta mirada de Kiki, que luego informaba a mi padre para que pudiera hacer las modificaciones que considerara necesarias.  Finalmente, este palo vio la luz despu\u00e9s de tantos a\u00f1os de trabajo y podr\u00eda haber tenido el mismo \u00e9xito que otros inventos de mi padre sin la llegada de las maderas met\u00e1licas: pienso en particular en la camiseta Lacoste o en la primera raqueta met\u00e1lica inventada: la Wilson T2000, T3000, T4000 con la que Jimmy Connors gan\u00f3 m\u00e1s de 100 torneos.  De hecho, varios meses despu\u00e9s de ceder a la presi\u00f3n de firmar otro contrato, Jimmy Connors segu\u00eda telefoneando a mi padre en plena noche para intentar convencerle de que le enviara raquetas T2000, incluso sin contrato, \u00a1porque no pod\u00eda jugar tan bien con otras marcas!  En mi opini\u00f3n, este driver de poliuretano iba m\u00e1s recto y m\u00e1s lejos que los otros palos de la \u00e9poca. \u00a1Lamento no haber tenido la edad suficiente para demostrarlo!<\/h4><h4>\u00a0<\/h4><h4>\u00a0<\/h4>\t\t\t\t\t\t\t\t<\/div>\n\t\t\t\t<\/div>\n\t\t\t\t\t<\/div>\n\t\t<\/div>\n\t\t\t\t\t<\/div>\n\t\t<\/section>\n\t\t\t\t<section class=\"elementor-section elementor-top-section elementor-element elementor-element-0b8ea88 elementor-section-boxed elementor-section-height-default elementor-section-height-default\" data-id=\"0b8ea88\" data-element_type=\"section\">\n\t\t\t\t\t\t<div class=\"elementor-container elementor-column-gap-default\">\n\t\t\t\t\t<div class=\"elementor-column elementor-col-100 elementor-top-column elementor-element elementor-element-44046df\" data-id=\"44046df\" data-element_type=\"column\">\n\t\t\t<div class=\"elementor-widget-wrap\">\n\t\t\t\t\t\t\t<\/div>\n\t\t<\/div>\n\t\t\t\t\t<\/div>\n\t\t<\/section>\n\t\t\t\t<\/div>","protected":false},"excerpt":{"rendered":"<p>Pour moi, Maman a \u00e9t\u00e9 une compagne de parcours golfique merveilleuse car elle organisait tout, avec le sourire ; elle connaissait tout le monde dans le golf et \u00e9tait admir\u00e9e et respect\u00e9e par tous avec sa gentillesse, sa classe de grande dame et de grande championne. Elle suivait avec passion toutes les parties et ne [&hellip;]<\/p>\n","protected":false},"author":1,"featured_media":0,"parent":0,"menu_order":0,"comment_status":"closed","ping_status":"closed","template":"","meta":{"_monsterinsights_skip_tracking":false,"_monsterinsights_sitenote_active":false,"_monsterinsights_sitenote_note":"","_monsterinsights_sitenote_category":0,"ocean_post_layout":"","ocean_both_sidebars_style":"","ocean_both_sidebars_content_width":0,"ocean_both_sidebars_sidebars_width":0,"ocean_sidebar":"0","ocean_second_sidebar":"0","ocean_disable_margins":"enable","ocean_add_body_class":"","ocean_shortcode_before_top_bar":"","ocean_shortcode_after_top_bar":"","ocean_shortcode_before_header":"","ocean_shortcode_after_header":"","ocean_has_shortcode":"","ocean_shortcode_after_title":"","ocean_shortcode_before_footer_widgets":"","ocean_shortcode_after_footer_widgets":"","ocean_shortcode_before_footer_bottom":"","ocean_shortcode_after_footer_bottom":"","ocean_display_top_bar":"default","ocean_display_header":"default","ocean_header_style":"","ocean_center_header_left_menu":"0","ocean_custom_header_template":"0","ocean_custom_logo":0,"ocean_custom_retina_logo":0,"ocean_custom_logo_max_width":0,"ocean_custom_logo_tablet_max_width":0,"ocean_custom_logo_mobile_max_width":0,"ocean_custom_logo_max_height":0,"ocean_custom_logo_tablet_max_height":0,"ocean_custom_logo_mobile_max_height":0,"ocean_header_custom_menu":"0","ocean_menu_typo_font_family":"0","ocean_menu_typo_font_subset":"","ocean_menu_typo_font_size":0,"ocean_menu_typo_font_size_tablet":0,"ocean_menu_typo_font_size_mobile":0,"ocean_menu_typo_font_size_unit":"px","ocean_menu_typo_font_weight":"","ocean_menu_typo_font_weight_tablet":"","ocean_menu_typo_font_weight_mobile":"","ocean_menu_typo_transform":"","ocean_menu_typo_transform_tablet":"","ocean_menu_typo_transform_mobile":"","ocean_menu_typo_line_height":0,"ocean_menu_typo_line_height_tablet":0,"ocean_menu_typo_line_height_mobile":0,"ocean_menu_typo_line_height_unit":"","ocean_menu_typo_spacing":0,"ocean_menu_typo_spacing_tablet":0,"ocean_menu_typo_spacing_mobile":0,"ocean_menu_typo_spacing_unit":"","ocean_menu_link_color":"","ocean_menu_link_color_hover":"","ocean_menu_link_color_active":"","ocean_menu_link_background":"","ocean_menu_link_hover_background":"","ocean_menu_link_active_background":"","ocean_menu_social_links_bg":"","ocean_menu_social_hover_links_bg":"","ocean_menu_social_links_color":"","ocean_menu_social_hover_links_color":"","ocean_disable_title":"default","ocean_disable_heading":"default","ocean_post_title":"","ocean_post_subheading":"","ocean_post_title_style":"","ocean_post_title_background_color":"","ocean_post_title_background":0,"ocean_post_title_bg_image_position":"","ocean_post_title_bg_image_attachment":"","ocean_post_title_bg_image_repeat":"","ocean_post_title_bg_image_size":"","ocean_post_title_height":0,"ocean_post_title_bg_overlay":0.5,"ocean_post_title_bg_overlay_color":"","ocean_disable_breadcrumbs":"default","ocean_breadcrumbs_color":"","ocean_breadcrumbs_separator_color":"","ocean_breadcrumbs_links_color":"","ocean_breadcrumbs_links_hover_color":"","ocean_display_footer_widgets":"default","ocean_display_footer_bottom":"default","ocean_custom_footer_template":"0","footnotes":""},"class_list":["post-21","page","type-page","status-publish","hentry","entry"],"_links":{"self":[{"href":"https:\/\/www.catherinelacoste.com\/es\/wp-json\/wp\/v2\/pages\/21","targetHints":{"allow":["GET"]}}],"collection":[{"href":"https:\/\/www.catherinelacoste.com\/es\/wp-json\/wp\/v2\/pages"}],"about":[{"href":"https:\/\/www.catherinelacoste.com\/es\/wp-json\/wp\/v2\/types\/page"}],"author":[{"embeddable":true,"href":"https:\/\/www.catherinelacoste.com\/es\/wp-json\/wp\/v2\/users\/1"}],"replies":[{"embeddable":true,"href":"https:\/\/www.catherinelacoste.com\/es\/wp-json\/wp\/v2\/comments?post=21"}],"version-history":[{"count":41,"href":"https:\/\/www.catherinelacoste.com\/es\/wp-json\/wp\/v2\/pages\/21\/revisions"}],"predecessor-version":[{"id":2894,"href":"https:\/\/www.catherinelacoste.com\/es\/wp-json\/wp\/v2\/pages\/21\/revisions\/2894"}],"wp:attachment":[{"href":"https:\/\/www.catherinelacoste.com\/es\/wp-json\/wp\/v2\/media?parent=21"}],"curies":[{"name":"wp","href":"https:\/\/api.w.org\/{rel}","templated":true}]}}