{"id":1385,"date":"2020-11-19T14:38:54","date_gmt":"2020-11-19T13:38:54","guid":{"rendered":"https:\/\/www.catherinelacoste.com\/?page_id=1385"},"modified":"2021-03-27T20:21:14","modified_gmt":"2021-03-27T19:21:14","slug":"autres","status":"publish","type":"page","link":"https:\/\/www.catherinelacoste.com\/es\/autres\/","title":{"rendered":"Otros"},"content":{"rendered":"<div data-elementor-type=\"wp-page\" data-elementor-id=\"1385\" class=\"elementor elementor-1385\" data-elementor-post-type=\"page\">\n\t\t\t\t\t\t<section class=\"elementor-section elementor-top-section elementor-element elementor-element-68a4fb4 elementor-section-boxed elementor-section-height-default elementor-section-height-default\" data-id=\"68a4fb4\" data-element_type=\"section\">\n\t\t\t\t\t\t<div class=\"elementor-container elementor-column-gap-default\">\n\t\t\t\t\t<div class=\"elementor-column elementor-col-50 elementor-top-column elementor-element elementor-element-28df9a0\" data-id=\"28df9a0\" data-element_type=\"column\">\n\t\t\t<div class=\"elementor-widget-wrap elementor-element-populated\">\n\t\t\t\t\t\t<div class=\"elementor-element elementor-element-efc5db4 elementor-widget elementor-widget-spacer\" data-id=\"efc5db4\" data-element_type=\"widget\" data-widget_type=\"spacer.default\">\n\t\t\t\t<div class=\"elementor-widget-container\">\n\t\t\t\t\t\t\t<div class=\"elementor-spacer\">\n\t\t\t<div class=\"elementor-spacer-inner\"><\/div>\n\t\t<\/div>\n\t\t\t\t\t\t<\/div>\n\t\t\t\t<\/div>\n\t\t\t\t<div class=\"elementor-element elementor-element-d2514fb elementor-widget elementor-widget-heading\" data-id=\"d2514fb\" data-element_type=\"widget\" data-widget_type=\"heading.default\">\n\t\t\t\t<div class=\"elementor-widget-container\">\n\t\t\t\t\t<h4 class=\"elementor-heading-title elementor-size-medium\">Western amateur femenino 1968 (The Broadmoor, Colorado Springs)<\/h4>\t\t\t\t<\/div>\n\t\t\t\t<\/div>\n\t\t\t\t<div class=\"elementor-element elementor-element-89eff39 elementor-widget elementor-widget-image\" data-id=\"89eff39\" data-element_type=\"widget\" data-widget_type=\"image.default\">\n\t\t\t\t<div class=\"elementor-widget-container\">\n\t\t\t\t\t\t\t\t\t\t\t\t\t\t\t<img decoding=\"async\" src=\"https:\/\/www.catherinelacoste.com\/wp-content\/uploads\/elementor\/thumbs\/WOMENS-WESTERN-AMATEUR196-ozbhvve6x28ns81q9anl7o4th3vs0c4ek8sbjavcso.bmp\" title=\"WOMEN&rsquo;S WESTERN AMATEUR1968\" alt=\"WOMEN&#039;S WESTERN AMATEUR1968\" loading=\"lazy\" \/>\t\t\t\t\t\t\t\t\t\t\t\t\t\t\t<\/div>\n\t\t\t\t<\/div>\n\t\t\t\t<div class=\"elementor-element elementor-element-f210703 elementor-widget elementor-widget-text-editor\" data-id=\"f210703\" data-element_type=\"widget\" data-widget_type=\"text-editor.default\">\n\t\t\t\t<div class=\"elementor-widget-container\">\n\t\t\t\t\t\t\t\t\t<h4>Este campeonato fue uno de los que se jugaron durante el verano de 1968 para aprender a jugar mejor el match-play porque yo prefer\u00eda el medal-play porque esta f\u00f3rmula, desde mi punto de vista, era m\u00e1s justa porque en 72 hoyos, en principio, los mejores jugadores ten\u00edan una mejor oportunidad de vencer a sus oponentes, mientras que en 18 hoyos siempre pod\u00edas encontrarte frente a un jugador que estaba jugando el papel de su vida.<\/h4><h4>As\u00ed que durante el verano defend\u00ed mi t\u00edtulo del US Open 1967, en Moselem Springs al terminar noveno, luego jugu\u00e9 el USGA Amateur en Birmingham y dos campeonatos en Broadmoor, Colorado Springs, incluido el US Women's Western Amateur que gan\u00e9 contra Martha Wilkinson en el final. Este campeonato fue considerado una de las competencias amateur m\u00e1s importantes de USA.<\/h4>\t\t\t\t\t\t\t\t<\/div>\n\t\t\t\t<\/div>\n\t\t\t\t\t<\/div>\n\t\t<\/div>\n\t\t\t\t<div class=\"elementor-column elementor-col-50 elementor-top-column elementor-element elementor-element-9ffcfa4\" data-id=\"9ffcfa4\" data-element_type=\"column\">\n\t\t\t<div class=\"elementor-widget-wrap elementor-element-populated\">\n\t\t\t\t\t\t<div class=\"elementor-element elementor-element-32d6f96 elementor-widget elementor-widget-image\" data-id=\"32d6f96\" data-element_type=\"widget\" data-widget_type=\"image.default\">\n\t\t\t\t<div class=\"elementor-widget-container\">\n\t\t\t\t\t\t\t\t\t\t\t\t\t\t\t<img fetchpriority=\"high\" decoding=\"async\" width=\"768\" height=\"1090\" src=\"https:\/\/www.catherinelacoste.com\/wp-content\/uploads\/2021\/03\/CL-US-WESTERN-AMATEUR-1968-768x1090.jpg\" class=\"attachment-medium_large size-medium_large wp-image-6961\" alt=\"\" srcset=\"https:\/\/www.catherinelacoste.com\/wp-content\/uploads\/2021\/03\/CL-US-WESTERN-AMATEUR-1968-768x1090.jpg 768w, https:\/\/www.catherinelacoste.com\/wp-content\/uploads\/2021\/03\/CL-US-WESTERN-AMATEUR-1968-211x300.jpg 211w, https:\/\/www.catherinelacoste.com\/wp-content\/uploads\/2021\/03\/CL-US-WESTERN-AMATEUR-1968-722x1024.jpg 722w, https:\/\/www.catherinelacoste.com\/wp-content\/uploads\/2021\/03\/CL-US-WESTERN-AMATEUR-1968-1083x1536.jpg 1083w, https:\/\/www.catherinelacoste.com\/wp-content\/uploads\/2021\/03\/CL-US-WESTERN-AMATEUR-1968-8x12.jpg 8w, https:\/\/www.catherinelacoste.com\/wp-content\/uploads\/2021\/03\/CL-US-WESTERN-AMATEUR-1968.jpg 1406w\" sizes=\"(max-width: 768px) 100vw, 768px\" \/>\t\t\t\t\t\t\t\t\t\t\t\t\t\t\t<\/div>\n\t\t\t\t<\/div>\n\t\t\t\t\t<\/div>\n\t\t<\/div>\n\t\t\t\t\t<\/div>\n\t\t<\/section>\n\t\t\t\t<section class=\"elementor-section elementor-top-section elementor-element elementor-element-afb2ecd elementor-section-boxed elementor-section-height-default elementor-section-height-default\" data-id=\"afb2ecd\" data-element_type=\"section\">\n\t\t\t\t\t\t<div class=\"elementor-container elementor-column-gap-default\">\n\t\t\t\t\t<div class=\"elementor-column elementor-col-100 elementor-top-column elementor-element elementor-element-8c27652\" data-id=\"8c27652\" data-element_type=\"column\">\n\t\t\t<div class=\"elementor-widget-wrap elementor-element-populated\">\n\t\t\t\t\t\t<div class=\"elementor-element elementor-element-931a356 elementor-widget elementor-widget-image\" data-id=\"931a356\" data-element_type=\"widget\" data-widget_type=\"image.default\">\n\t\t\t\t<div class=\"elementor-widget-container\">\n\t\t\t\t\t\t\t\t\t\t\t\t\t\t\t<img decoding=\"async\" width=\"768\" height=\"807\" src=\"https:\/\/www.catherinelacoste.com\/wp-content\/uploads\/2021\/03\/WOMENS-WESTERN-ARTICLE-768x807.jpg\" class=\"attachment-medium_large size-medium_large wp-image-6969\" alt=\"\" srcset=\"https:\/\/www.catherinelacoste.com\/wp-content\/uploads\/2021\/03\/WOMENS-WESTERN-ARTICLE-768x807.jpg 768w, https:\/\/www.catherinelacoste.com\/wp-content\/uploads\/2021\/03\/WOMENS-WESTERN-ARTICLE-286x300.jpg 286w, https:\/\/www.catherinelacoste.com\/wp-content\/uploads\/2021\/03\/WOMENS-WESTERN-ARTICLE-975x1024.jpg 975w, https:\/\/www.catherinelacoste.com\/wp-content\/uploads\/2021\/03\/WOMENS-WESTERN-ARTICLE-1462x1536.jpg 1462w, https:\/\/www.catherinelacoste.com\/wp-content\/uploads\/2021\/03\/WOMENS-WESTERN-ARTICLE-11x12.jpg 11w, https:\/\/www.catherinelacoste.com\/wp-content\/uploads\/2021\/03\/WOMENS-WESTERN-ARTICLE.jpg 1565w\" sizes=\"(max-width: 768px) 100vw, 768px\" \/>\t\t\t\t\t\t\t\t\t\t\t\t\t\t\t<\/div>\n\t\t\t\t<\/div>\n\t\t\t\t\t<\/div>\n\t\t<\/div>\n\t\t\t\t\t<\/div>\n\t\t<\/section>\n\t\t\t\t<\/div>","protected":false},"excerpt":{"rendered":"<p>Women&rsquo;s Western Amateur 1968 (The Broadmoor, Colorado Springs) Ce championnat \u00e9tait un de ceux jou\u00e9s pendant l&rsquo;\u00e9t\u00e9 1968 pour apprendre \u00e0 mieux jouer le match-play car je pr\u00e9f\u00e9rais le medal-play car cette formule, \u00e0 mon point de vue, \u00e9tait plus juste car en 72 trous, en principe les meilleures joueuses avaient plus de chance de [&hellip;]<\/p>\n","protected":false},"author":2,"featured_media":0,"parent":0,"menu_order":0,"comment_status":"closed","ping_status":"closed","template":"","meta":{"_monsterinsights_skip_tracking":false,"_monsterinsights_sitenote_active":false,"_monsterinsights_sitenote_note":"","_monsterinsights_sitenote_category":0,"ocean_post_layout":"","ocean_both_sidebars_style":"","ocean_both_sidebars_content_width":0,"ocean_both_sidebars_sidebars_width":0,"ocean_sidebar":"0","ocean_second_sidebar":"0","ocean_disable_margins":"enable","ocean_add_body_class":"","ocean_shortcode_before_top_bar":"","ocean_shortcode_after_top_bar":"","ocean_shortcode_before_header":"","ocean_shortcode_after_header":"","ocean_has_shortcode":"","ocean_shortcode_after_title":"","ocean_shortcode_before_footer_widgets":"","ocean_shortcode_after_footer_widgets":"","ocean_shortcode_before_footer_bottom":"","ocean_shortcode_after_footer_bottom":"","ocean_display_top_bar":"default","ocean_display_header":"default","ocean_header_style":"","ocean_center_header_left_menu":"0","ocean_custom_header_template":"0","ocean_custom_logo":0,"ocean_custom_retina_logo":0,"ocean_custom_logo_max_width":0,"ocean_custom_logo_tablet_max_width":0,"ocean_custom_logo_mobile_max_width":0,"ocean_custom_logo_max_height":0,"ocean_custom_logo_tablet_max_height":0,"ocean_custom_logo_mobile_max_height":0,"ocean_header_custom_menu":"0","ocean_menu_typo_font_family":"0","ocean_menu_typo_font_subset":"","ocean_menu_typo_font_size":0,"ocean_menu_typo_font_size_tablet":0,"ocean_menu_typo_font_size_mobile":0,"ocean_menu_typo_font_size_unit":"px","ocean_menu_typo_font_weight":"","ocean_menu_typo_font_weight_tablet":"","ocean_menu_typo_font_weight_mobile":"","ocean_menu_typo_transform":"","ocean_menu_typo_transform_tablet":"","ocean_menu_typo_transform_mobile":"","ocean_menu_typo_line_height":0,"ocean_menu_typo_line_height_tablet":0,"ocean_menu_typo_line_height_mobile":0,"ocean_menu_typo_line_height_unit":"","ocean_menu_typo_spacing":0,"ocean_menu_typo_spacing_tablet":0,"ocean_menu_typo_spacing_mobile":0,"ocean_menu_typo_spacing_unit":"","ocean_menu_link_color":"","ocean_menu_link_color_hover":"","ocean_menu_link_color_active":"","ocean_menu_link_background":"","ocean_menu_link_hover_background":"","ocean_menu_link_active_background":"","ocean_menu_social_links_bg":"","ocean_menu_social_hover_links_bg":"","ocean_menu_social_links_color":"","ocean_menu_social_hover_links_color":"","ocean_disable_title":"default","ocean_disable_heading":"default","ocean_post_title":"","ocean_post_subheading":"","ocean_post_title_style":"","ocean_post_title_background_color":"","ocean_post_title_background":0,"ocean_post_title_bg_image_position":"","ocean_post_title_bg_image_attachment":"","ocean_post_title_bg_image_repeat":"","ocean_post_title_bg_image_size":"","ocean_post_title_height":0,"ocean_post_title_bg_overlay":0.5,"ocean_post_title_bg_overlay_color":"","ocean_disable_breadcrumbs":"default","ocean_breadcrumbs_color":"","ocean_breadcrumbs_separator_color":"","ocean_breadcrumbs_links_color":"","ocean_breadcrumbs_links_hover_color":"","ocean_display_footer_widgets":"default","ocean_display_footer_bottom":"default","ocean_custom_footer_template":"0","footnotes":""},"class_list":["post-1385","page","type-page","status-publish","hentry","entry"],"_links":{"self":[{"href":"https:\/\/www.catherinelacoste.com\/es\/wp-json\/wp\/v2\/pages\/1385","targetHints":{"allow":["GET"]}}],"collection":[{"href":"https:\/\/www.catherinelacoste.com\/es\/wp-json\/wp\/v2\/pages"}],"about":[{"href":"https:\/\/www.catherinelacoste.com\/es\/wp-json\/wp\/v2\/types\/page"}],"author":[{"embeddable":true,"href":"https:\/\/www.catherinelacoste.com\/es\/wp-json\/wp\/v2\/users\/2"}],"replies":[{"embeddable":true,"href":"https:\/\/www.catherinelacoste.com\/es\/wp-json\/wp\/v2\/comments?post=1385"}],"version-history":[{"count":41,"href":"https:\/\/www.catherinelacoste.com\/es\/wp-json\/wp\/v2\/pages\/1385\/revisions"}],"predecessor-version":[{"id":6975,"href":"https:\/\/www.catherinelacoste.com\/es\/wp-json\/wp\/v2\/pages\/1385\/revisions\/6975"}],"wp:attachment":[{"href":"https:\/\/www.catherinelacoste.com\/es\/wp-json\/wp\/v2\/media?parent=1385"}],"curies":[{"name":"wp","href":"https:\/\/api.w.org\/{rel}","templated":true}]}}